{"id":946,"date":"2020-12-04T13:44:55","date_gmt":"2020-12-04T13:44:55","guid":{"rendered":"http:\/\/wp.colegiodescubridores.edu.mx\/?page_id=946"},"modified":"2023-08-15T18:31:22","modified_gmt":"2023-08-15T18:31:22","slug":"vida-escolar","status":"publish","type":"page","link":"https:\/\/www.colegiodescubridores.edu.mx\/index.php\/vida-escolar\/","title":{"rendered":"Vida escolar"},"content":{"rendered":"\t\t<div data-elementor-type=\"wp-page\" data-elementor-id=\"946\" class=\"elementor elementor-946\">\n\t\t\t\t\t\t<section class=\"elementor-section elementor-top-section elementor-element elementor-element-4de88ac elementor-section-boxed elementor-section-height-default elementor-section-height-default\" data-id=\"4de88ac\" data-element_type=\"section\">\n\t\t\t\t\t\t<div class=\"elementor-container elementor-column-gap-default\">\n\t\t\t\t\t<div class=\"elementor-column elementor-col-100 elementor-top-column elementor-element elementor-element-32f726d\" data-id=\"32f726d\" data-element_type=\"column\">\n\t\t\t<div class=\"elementor-widget-wrap elementor-element-populated\">\n\t\t\t\t\t\t<div class=\"elementor-element elementor-element-5a19ed0 elementor-invisible elementor-widget elementor-widget-heading\" data-id=\"5a19ed0\" data-element_type=\"widget\" data-settings=\"{&quot;_animation&quot;:&quot;fadeIn&quot;}\" data-widget_type=\"heading.default\">\n\t\t\t\t<div class=\"elementor-widget-container\">\n\t\t\t\t\t<h2 class=\"elementor-heading-title elementor-size-default\">Vida Escolar<\/h2>\t\t\t\t<\/div>\n\t\t\t\t<\/div>\n\t\t\t\t<div class=\"elementor-element elementor-element-70e8962 elementor-widget-divider--view-line elementor-widget elementor-widget-divider\" data-id=\"70e8962\" data-element_type=\"widget\" data-widget_type=\"divider.default\">\n\t\t\t\t<div class=\"elementor-widget-container\">\n\t\t\t\t\t\t\t<div class=\"elementor-divider\">\n\t\t\t<span class=\"elementor-divider-separator\">\n\t\t\t\t\t\t<\/span>\n\t\t<\/div>\n\t\t\t\t\t\t<\/div>\n\t\t\t\t<\/div>\n\t\t\t\t\t<\/div>\n\t\t<\/div>\n\t\t\t\t\t<\/div>\n\t\t<\/section>\n\t\t\t\t<section class=\"elementor-section elementor-top-section elementor-element elementor-element-0bd607a elementor-section-boxed elementor-section-height-default elementor-section-height-default\" data-id=\"0bd607a\" data-element_type=\"section\">\n\t\t\t\t\t\t<div class=\"elementor-container elementor-column-gap-default\">\n\t\t\t\t\t<div class=\"elementor-column elementor-col-50 elementor-top-column elementor-element elementor-element-0340a91\" data-id=\"0340a91\" data-element_type=\"column\">\n\t\t\t<div class=\"elementor-widget-wrap elementor-element-populated\">\n\t\t\t\t\t\t<div class=\"elementor-element elementor-element-3825db8 elementor-widget elementor-widget-text-editor\" data-id=\"3825db8\" data-element_type=\"widget\" data-widget_type=\"text-editor.default\">\n\t\t\t\t<div class=\"elementor-widget-container\">\n\t\t\t\t\t\t\t\t\t<p><span style=\"font-family: var( --e-global-typography-text-font-family ), Sans-serif; font-weight: var( --e-global-typography-text-font-weight );\"><br \/>A lo largo de su escolaridad el alumno tendr\u00e1 oportunidad de participar en variadas actividades de aprendizaje:\u00a0<\/span><\/p><p>Feria del libro, Muestra de talentos, Feria de la ciencia, Semana de Integraci\u00f3n de Aprendizajes, entre otras, que lo llevar\u00e1n a vivir una experiencia educativa diferente.<\/p><p><span style=\"font-family: var( --e-global-typography-text-font-family ), Sans-serif; font-weight: var( --e-global-typography-text-font-weight );\"> Fuera del horario escolar podr\u00e1 tomar parte en programas:<\/span><\/p><table><tbody><tr style=\"width: 105px; vertical-align: center;\"><td><img decoding=\"async\" class=\"wp-image-3128 alignright\" src=\"https:\/\/www.colegiodescubridores.edu.mx\/wp-content\/uploads\/2020\/12\/ico-fe.png\" alt=\"\" width=\"30\" height=\"27\" \/><\/td><td style=\"text-align: left;\">Formaci\u00f3n de la fe (catequesis)<\/td><\/tr><tr><td><img decoding=\"async\" class=\"wp-image-3124 alignright\" src=\"https:\/\/www.colegiodescubridores.edu.mx\/wp-content\/uploads\/2020\/12\/ico-ajedrez.png\" alt=\"\" width=\"30\" height=\"27\" \/><\/td><td>Ajedrez<\/td><\/tr><tr><td><img decoding=\"async\" class=\"wp-image-3126 alignright\" src=\"https:\/\/www.colegiodescubridores.edu.mx\/wp-content\/uploads\/2020\/12\/ico-artistica.png\" alt=\"\" width=\"30\" height=\"27\" \/><\/td><td>Sensibilizaci\u00f3n art\u00edstica<\/td><\/tr><tr><td><img loading=\"lazy\" decoding=\"async\" class=\"wp-image-3125 alignright\" src=\"https:\/\/www.colegiodescubridores.edu.mx\/wp-content\/uploads\/2020\/12\/ico-alimento.png\" alt=\"\" width=\"30\" height=\"27\" \/><\/td><td>H\u00e1bitos alimenticios sanos<\/td><\/tr><tr><td><img loading=\"lazy\" decoding=\"async\" class=\"alignright wp-image-3127\" src=\"https:\/\/www.colegiodescubridores.edu.mx\/wp-content\/uploads\/2020\/12\/ico-deportes.png\" alt=\"\" width=\"30\" height=\"27\" \/><\/td><td>Pr\u00e1ctica deportiva sana (futbol, volleybal, basquetbol)<\/td><\/tr><\/tbody><\/table>\t\t\t\t\t\t\t\t<\/div>\n\t\t\t\t<\/div>\n\t\t\t\t<div class=\"elementor-element elementor-element-ee14b01 elementor-widget-divider--view-line elementor-widget elementor-widget-divider\" data-id=\"ee14b01\" data-element_type=\"widget\" data-widget_type=\"divider.default\">\n\t\t\t\t<div class=\"elementor-widget-container\">\n\t\t\t\t\t\t\t<div class=\"elementor-divider\">\n\t\t\t<span class=\"elementor-divider-separator\">\n\t\t\t\t\t\t<\/span>\n\t\t<\/div>\n\t\t\t\t\t\t<\/div>\n\t\t\t\t<\/div>\n\t\t\t\t\t<\/div>\n\t\t<\/div>\n\t\t\t\t<div class=\"elementor-column elementor-col-50 elementor-top-column elementor-element elementor-element-41e62a9\" data-id=\"41e62a9\" data-element_type=\"column\">\n\t\t\t<div class=\"elementor-widget-wrap elementor-element-populated\">\n\t\t\t\t\t\t<section class=\"elementor-section elementor-inner-section elementor-element elementor-element-93b5aa7 elementor-section-boxed elementor-section-height-default elementor-section-height-default\" data-id=\"93b5aa7\" data-element_type=\"section\">\n\t\t\t\t\t\t<div class=\"elementor-container elementor-column-gap-default\">\n\t\t\t\t\t<div class=\"elementor-column elementor-col-50 elementor-inner-column elementor-element elementor-element-456ffb9\" data-id=\"456ffb9\" data-element_type=\"column\">\n\t\t\t<div class=\"elementor-widget-wrap elementor-element-populated\">\n\t\t\t\t\t\t<div class=\"elementor-element elementor-element-7caac1e elementor-align-center elementor-widget__width-auto elementor-widget elementor-widget-button\" data-id=\"7caac1e\" data-element_type=\"widget\" data-widget_type=\"button.default\">\n\t\t\t\t<div class=\"elementor-widget-container\">\n\t\t\t\t\t\t\t\t\t<div class=\"elementor-button-wrapper\">\n\t\t\t\t\t<a class=\"elementor-button elementor-button-link elementor-size-sm\" href=\"https:\/\/www.colegiodescubridores.edu.mx\/index.php\/noticias\/\">\n\t\t\t\t\t\t<span class=\"elementor-button-content-wrapper\">\n\t\t\t\t\t\t\t\t\t<span class=\"elementor-button-text\">Noticias<\/span>\n\t\t\t\t\t<\/span>\n\t\t\t\t\t<\/a>\n\t\t\t\t<\/div>\n\t\t\t\t\t\t\t\t<\/div>\n\t\t\t\t<\/div>\n\t\t\t\t\t<\/div>\n\t\t<\/div>\n\t\t\t\t<div class=\"elementor-column elementor-col-50 elementor-inner-column elementor-element elementor-element-f192fc4\" data-id=\"f192fc4\" data-element_type=\"column\">\n\t\t\t<div class=\"elementor-widget-wrap elementor-element-populated\">\n\t\t\t\t\t\t<div class=\"elementor-element elementor-element-bfd6326 elementor-widget__width-auto elementor-widget elementor-widget-button\" data-id=\"bfd6326\" data-element_type=\"widget\" data-widget_type=\"button.default\">\n\t\t\t\t<div class=\"elementor-widget-container\">\n\t\t\t\t\t\t\t\t\t<div class=\"elementor-button-wrapper\">\n\t\t\t\t\t<a class=\"elementor-button elementor-button-link elementor-size-sm\" href=\"https:\/\/www.colegiodescubridores.edu.mx\/index.php\/eventos\/\">\n\t\t\t\t\t\t<span class=\"elementor-button-content-wrapper\">\n\t\t\t\t\t\t\t\t\t<span class=\"elementor-button-text\">Eventos<\/span>\n\t\t\t\t\t<\/span>\n\t\t\t\t\t<\/a>\n\t\t\t\t<\/div>\n\t\t\t\t\t\t\t\t<\/div>\n\t\t\t\t<\/div>\n\t\t\t\t\t<\/div>\n\t\t<\/div>\n\t\t\t\t\t<\/div>\n\t\t<\/section>\n\t\t\t\t<div class=\"elementor-element elementor-element-51bb0ec elementor-arrows-position-outside elementor-pagination-position-outside elementor-widget elementor-widget-image-carousel\" data-id=\"51bb0ec\" data-element_type=\"widget\" data-settings=\"{&quot;slides_to_show&quot;:&quot;1&quot;,&quot;pause_on_hover&quot;:&quot;no&quot;,&quot;autoplay_speed&quot;:2000,&quot;navigation&quot;:&quot;both&quot;,&quot;autoplay&quot;:&quot;yes&quot;,&quot;pause_on_interaction&quot;:&quot;yes&quot;,&quot;infinite&quot;:&quot;yes&quot;,&quot;effect&quot;:&quot;slide&quot;,&quot;speed&quot;:500}\" data-widget_type=\"image-carousel.default\">\n\t\t\t\t<div class=\"elementor-widget-container\">\n\t\t\t\t\t\t\t<div class=\"elementor-image-carousel-wrapper swiper\" role=\"region\" aria-roledescription=\"carousel\" aria-label=\"Carrusel de Im\u00e1genes\" dir=\"ltr\">\n\t\t\t<div class=\"elementor-image-carousel swiper-wrapper\" aria-live=\"off\">\n\t\t\t\t\t\t\t\t<div class=\"swiper-slide\" role=\"group\" aria-roledescription=\"slide\" aria-label=\"1 de 12\"><a data-elementor-open-lightbox=\"yes\" data-elementor-lightbox-slideshow=\"51bb0ec\" data-elementor-lightbox-title=\"arte 2\" data-e-action-hash=\"#elementor-action%3Aaction%3Dlightbox%26settings%3DeyJpZCI6MzI5MiwidXJsIjoiaHR0cHM6XC9cL3d3dy5jb2xlZ2lvZGVzY3Vicmlkb3Jlcy5lZHUubXhcL3dwLWNvbnRlbnRcL3VwbG9hZHNcLzIwMjFcLzAxXC9hcnRlLTItMS5qcGVnIiwic2xpZGVzaG93IjoiNTFiYjBlYyJ9\" href=\"https:\/\/www.colegiodescubridores.edu.mx\/wp-content\/uploads\/2021\/01\/arte-2-1.jpeg\"><figure class=\"swiper-slide-inner\"><img decoding=\"async\" class=\"swiper-slide-image\" src=\"https:\/\/www.colegiodescubridores.edu.mx\/wp-content\/uploads\/2021\/01\/arte-2-1-400x270.jpeg\" alt=\"arte 2\" \/><\/figure><\/a><\/div><div class=\"swiper-slide\" role=\"group\" aria-roledescription=\"slide\" aria-label=\"2 de 12\"><a data-elementor-open-lightbox=\"yes\" data-elementor-lightbox-slideshow=\"51bb0ec\" data-elementor-lightbox-title=\"ajedrez2\" data-e-action-hash=\"#elementor-action%3Aaction%3Dlightbox%26settings%3DeyJpZCI6MzMwOCwidXJsIjoiaHR0cHM6XC9cL3d3dy5jb2xlZ2lvZGVzY3Vicmlkb3Jlcy5lZHUubXhcL3dwLWNvbnRlbnRcL3VwbG9hZHNcLzIwMjFcLzAxXC9hamVkcmV6Mi5qcGciLCJzbGlkZXNob3ciOiI1MWJiMGVjIn0%3D\" href=\"https:\/\/www.colegiodescubridores.edu.mx\/wp-content\/uploads\/2021\/01\/ajedrez2.jpg\"><figure class=\"swiper-slide-inner\"><img decoding=\"async\" class=\"swiper-slide-image\" src=\"https:\/\/www.colegiodescubridores.edu.mx\/wp-content\/uploads\/2021\/01\/ajedrez2-400x270.jpg\" alt=\"ajedrez2\" \/><\/figure><\/a><\/div><div class=\"swiper-slide\" role=\"group\" aria-roledescription=\"slide\" aria-label=\"3 de 12\"><a data-elementor-open-lightbox=\"yes\" data-elementor-lightbox-slideshow=\"51bb0ec\" data-elementor-lightbox-title=\"arte 6\" data-e-action-hash=\"#elementor-action%3Aaction%3Dlightbox%26settings%3DeyJpZCI6MzI5MywidXJsIjoiaHR0cHM6XC9cL3d3dy5jb2xlZ2lvZGVzY3Vicmlkb3Jlcy5lZHUubXhcL3dwLWNvbnRlbnRcL3VwbG9hZHNcLzIwMjFcLzAxXC9hcnRlLTYuanBnIiwic2xpZGVzaG93IjoiNTFiYjBlYyJ9\" href=\"https:\/\/www.colegiodescubridores.edu.mx\/wp-content\/uploads\/2021\/01\/arte-6.jpg\"><figure class=\"swiper-slide-inner\"><img decoding=\"async\" class=\"swiper-slide-image\" src=\"https:\/\/www.colegiodescubridores.edu.mx\/wp-content\/uploads\/2021\/01\/arte-6-400x270.jpg\" alt=\"arte 6\" \/><\/figure><\/a><\/div><div class=\"swiper-slide\" role=\"group\" aria-roledescription=\"slide\" aria-label=\"4 de 12\"><a data-elementor-open-lightbox=\"yes\" data-elementor-lightbox-slideshow=\"51bb0ec\" data-elementor-lightbox-title=\"WhatsApp Image 2021-01-12 at 10.26.10 AM\" data-e-action-hash=\"#elementor-action%3Aaction%3Dlightbox%26settings%3DeyJpZCI6MzMwMCwidXJsIjoiaHR0cHM6XC9cL3d3dy5jb2xlZ2lvZGVzY3Vicmlkb3Jlcy5lZHUubXhcL3dwLWNvbnRlbnRcL3VwbG9hZHNcLzIwMjFcLzAxXC9XaGF0c0FwcC1JbWFnZS0yMDIxLTAxLTEyLWF0LTEwLjI2LjEwLUFNLTEuanBlZyIsInNsaWRlc2hvdyI6IjUxYmIwZWMifQ%3D%3D\" href=\"https:\/\/www.colegiodescubridores.edu.mx\/wp-content\/uploads\/2021\/01\/WhatsApp-Image-2021-01-12-at-10.26.10-AM-1.jpeg\"><figure class=\"swiper-slide-inner\"><img decoding=\"async\" class=\"swiper-slide-image\" src=\"https:\/\/www.colegiodescubridores.edu.mx\/wp-content\/uploads\/2021\/01\/WhatsApp-Image-2021-01-12-at-10.26.10-AM-1-400x270.jpeg\" alt=\"WhatsApp Image 2021-01-12 at 10.26.10 AM\" \/><\/figure><\/a><\/div><div class=\"swiper-slide\" role=\"group\" aria-roledescription=\"slide\" aria-label=\"5 de 12\"><a data-elementor-open-lightbox=\"yes\" data-elementor-lightbox-slideshow=\"51bb0ec\" data-elementor-lightbox-title=\"catequesis 1\" data-e-action-hash=\"#elementor-action%3Aaction%3Dlightbox%26settings%3DeyJpZCI6MzI5NCwidXJsIjoiaHR0cHM6XC9cL3d3dy5jb2xlZ2lvZGVzY3Vicmlkb3Jlcy5lZHUubXhcL3dwLWNvbnRlbnRcL3VwbG9hZHNcLzIwMjFcLzAxXC9jYXRlcXVlc2lzLTEtMS5qcGVnIiwic2xpZGVzaG93IjoiNTFiYjBlYyJ9\" href=\"https:\/\/www.colegiodescubridores.edu.mx\/wp-content\/uploads\/2021\/01\/catequesis-1-1.jpeg\"><figure class=\"swiper-slide-inner\"><img decoding=\"async\" class=\"swiper-slide-image\" src=\"https:\/\/www.colegiodescubridores.edu.mx\/wp-content\/uploads\/2021\/01\/catequesis-1-1-400x270.jpeg\" alt=\"catequesis 1\" \/><\/figure><\/a><\/div><div class=\"swiper-slide\" role=\"group\" aria-roledescription=\"slide\" aria-label=\"6 de 12\"><a data-elementor-open-lightbox=\"yes\" data-elementor-lightbox-slideshow=\"51bb0ec\" data-elementor-lightbox-title=\"FUT\" data-e-action-hash=\"#elementor-action%3Aaction%3Dlightbox%26settings%3DeyJpZCI6MzI5NywidXJsIjoiaHR0cHM6XC9cL3d3dy5jb2xlZ2lvZGVzY3Vicmlkb3Jlcy5lZHUubXhcL3dwLWNvbnRlbnRcL3VwbG9hZHNcLzIwMjFcLzAxXC9GVVQtMS5qcGVnIiwic2xpZGVzaG93IjoiNTFiYjBlYyJ9\" href=\"https:\/\/www.colegiodescubridores.edu.mx\/wp-content\/uploads\/2021\/01\/FUT-1.jpeg\"><figure class=\"swiper-slide-inner\"><img decoding=\"async\" class=\"swiper-slide-image\" src=\"https:\/\/www.colegiodescubridores.edu.mx\/wp-content\/uploads\/2021\/01\/FUT-1-400x270.jpeg\" alt=\"FUT\" \/><\/figure><\/a><\/div><div class=\"swiper-slide\" role=\"group\" aria-roledescription=\"slide\" aria-label=\"7 de 12\"><a data-elementor-open-lightbox=\"yes\" data-elementor-lightbox-slideshow=\"51bb0ec\" data-elementor-lightbox-title=\"WhatsApp Image 2021-01-12 at 10.22.14 AM\" data-e-action-hash=\"#elementor-action%3Aaction%3Dlightbox%26settings%3DeyJpZCI6MzI5OCwidXJsIjoiaHR0cHM6XC9cL3d3dy5jb2xlZ2lvZGVzY3Vicmlkb3Jlcy5lZHUubXhcL3dwLWNvbnRlbnRcL3VwbG9hZHNcLzIwMjFcLzAxXC9XaGF0c0FwcC1JbWFnZS0yMDIxLTAxLTEyLWF0LTEwLjIyLjE0LUFNLTEuanBlZyIsInNsaWRlc2hvdyI6IjUxYmIwZWMifQ%3D%3D\" href=\"https:\/\/www.colegiodescubridores.edu.mx\/wp-content\/uploads\/2021\/01\/WhatsApp-Image-2021-01-12-at-10.22.14-AM-1.jpeg\"><figure class=\"swiper-slide-inner\"><img decoding=\"async\" class=\"swiper-slide-image\" src=\"https:\/\/www.colegiodescubridores.edu.mx\/wp-content\/uploads\/2021\/01\/WhatsApp-Image-2021-01-12-at-10.22.14-AM-1-400x270.jpeg\" alt=\"WhatsApp Image 2021-01-12 at 10.22.14 AM\" \/><\/figure><\/a><\/div><div class=\"swiper-slide\" role=\"group\" aria-roledescription=\"slide\" aria-label=\"8 de 12\"><a data-elementor-open-lightbox=\"yes\" data-elementor-lightbox-slideshow=\"51bb0ec\" data-elementor-lightbox-title=\"catequesis 2\" data-e-action-hash=\"#elementor-action%3Aaction%3Dlightbox%26settings%3DeyJpZCI6MzI5NSwidXJsIjoiaHR0cHM6XC9cL3d3dy5jb2xlZ2lvZGVzY3Vicmlkb3Jlcy5lZHUubXhcL3dwLWNvbnRlbnRcL3VwbG9hZHNcLzIwMjFcLzAxXC9jYXRlcXVlc2lzLTItMS5qcGVnIiwic2xpZGVzaG93IjoiNTFiYjBlYyJ9\" href=\"https:\/\/www.colegiodescubridores.edu.mx\/wp-content\/uploads\/2021\/01\/catequesis-2-1.jpeg\"><figure class=\"swiper-slide-inner\"><img decoding=\"async\" class=\"swiper-slide-image\" src=\"https:\/\/www.colegiodescubridores.edu.mx\/wp-content\/uploads\/2021\/01\/catequesis-2-1-400x270.jpeg\" alt=\"catequesis 2\" \/><\/figure><\/a><\/div><div class=\"swiper-slide\" role=\"group\" aria-roledescription=\"slide\" aria-label=\"9 de 12\"><a data-elementor-open-lightbox=\"yes\" data-elementor-lightbox-slideshow=\"51bb0ec\" data-elementor-lightbox-title=\"ajedrez3\" data-e-action-hash=\"#elementor-action%3Aaction%3Dlightbox%26settings%3DeyJpZCI6MzMwOSwidXJsIjoiaHR0cHM6XC9cL3d3dy5jb2xlZ2lvZGVzY3Vicmlkb3Jlcy5lZHUubXhcL3dwLWNvbnRlbnRcL3VwbG9hZHNcLzIwMjFcLzAxXC9hamVkcmV6My5qcGciLCJzbGlkZXNob3ciOiI1MWJiMGVjIn0%3D\" href=\"https:\/\/www.colegiodescubridores.edu.mx\/wp-content\/uploads\/2021\/01\/ajedrez3.jpg\"><figure class=\"swiper-slide-inner\"><img decoding=\"async\" class=\"swiper-slide-image\" src=\"https:\/\/www.colegiodescubridores.edu.mx\/wp-content\/uploads\/2021\/01\/ajedrez3-400x270.jpg\" alt=\"ajedrez3\" \/><\/figure><\/a><\/div><div class=\"swiper-slide\" role=\"group\" aria-roledescription=\"slide\" aria-label=\"10 de 12\"><a data-elementor-open-lightbox=\"yes\" data-elementor-lightbox-slideshow=\"51bb0ec\" data-elementor-lightbox-title=\"catequesis 3\" data-e-action-hash=\"#elementor-action%3Aaction%3Dlightbox%26settings%3DeyJpZCI6MzI5NiwidXJsIjoiaHR0cHM6XC9cL3d3dy5jb2xlZ2lvZGVzY3Vicmlkb3Jlcy5lZHUubXhcL3dwLWNvbnRlbnRcL3VwbG9hZHNcLzIwMjFcLzAxXC9jYXRlcXVlc2lzLTMtMS5qcGVnIiwic2xpZGVzaG93IjoiNTFiYjBlYyJ9\" href=\"https:\/\/www.colegiodescubridores.edu.mx\/wp-content\/uploads\/2021\/01\/catequesis-3-1.jpeg\"><figure class=\"swiper-slide-inner\"><img decoding=\"async\" class=\"swiper-slide-image\" src=\"https:\/\/www.colegiodescubridores.edu.mx\/wp-content\/uploads\/2021\/01\/catequesis-3-1-400x270.jpeg\" alt=\"catequesis 3\" \/><\/figure><\/a><\/div><div class=\"swiper-slide\" role=\"group\" aria-roledescription=\"slide\" aria-label=\"11 de 12\"><a data-elementor-open-lightbox=\"yes\" data-elementor-lightbox-slideshow=\"51bb0ec\" data-elementor-lightbox-title=\"WhatsApp Image 2021-01-12 at 10.22.48 AM\" data-e-action-hash=\"#elementor-action%3Aaction%3Dlightbox%26settings%3DeyJpZCI6MzI5OSwidXJsIjoiaHR0cHM6XC9cL3d3dy5jb2xlZ2lvZGVzY3Vicmlkb3Jlcy5lZHUubXhcL3dwLWNvbnRlbnRcL3VwbG9hZHNcLzIwMjFcLzAxXC9XaGF0c0FwcC1JbWFnZS0yMDIxLTAxLTEyLWF0LTEwLjIyLjQ4LUFNLTEuanBlZyIsInNsaWRlc2hvdyI6IjUxYmIwZWMifQ%3D%3D\" href=\"https:\/\/www.colegiodescubridores.edu.mx\/wp-content\/uploads\/2021\/01\/WhatsApp-Image-2021-01-12-at-10.22.48-AM-1.jpeg\"><figure class=\"swiper-slide-inner\"><img decoding=\"async\" class=\"swiper-slide-image\" src=\"https:\/\/www.colegiodescubridores.edu.mx\/wp-content\/uploads\/2021\/01\/WhatsApp-Image-2021-01-12-at-10.22.48-AM-1-400x270.jpeg\" alt=\"WhatsApp Image 2021-01-12 at 10.22.48 AM\" \/><\/figure><\/a><\/div><div class=\"swiper-slide\" role=\"group\" aria-roledescription=\"slide\" aria-label=\"12 de 12\"><a data-elementor-open-lightbox=\"yes\" data-elementor-lightbox-slideshow=\"51bb0ec\" data-elementor-lightbox-title=\"ajedrez1\" data-e-action-hash=\"#elementor-action%3Aaction%3Dlightbox%26settings%3DeyJpZCI6MzMwNywidXJsIjoiaHR0cHM6XC9cL3d3dy5jb2xlZ2lvZGVzY3Vicmlkb3Jlcy5lZHUubXhcL3dwLWNvbnRlbnRcL3VwbG9hZHNcLzIwMjFcLzAxXC9hamVkcmV6MS5qcGciLCJzbGlkZXNob3ciOiI1MWJiMGVjIn0%3D\" href=\"https:\/\/www.colegiodescubridores.edu.mx\/wp-content\/uploads\/2021\/01\/ajedrez1.jpg\"><figure class=\"swiper-slide-inner\"><img decoding=\"async\" class=\"swiper-slide-image\" src=\"https:\/\/www.colegiodescubridores.edu.mx\/wp-content\/uploads\/2021\/01\/ajedrez1-400x270.jpg\" alt=\"ajedrez1\" \/><\/figure><\/a><\/div>\t\t\t<\/div>\n\t\t\t\t\t\t\t\t\t\t\t\t<div class=\"elementor-swiper-button elementor-swiper-button-prev\" role=\"button\" tabindex=\"0\">\n\t\t\t\t\t\t<i aria-hidden=\"true\" class=\"eicon-chevron-left\"><\/i>\t\t\t\t\t<\/div>\n\t\t\t\t\t<div class=\"elementor-swiper-button elementor-swiper-button-next\" role=\"button\" tabindex=\"0\">\n\t\t\t\t\t\t<i aria-hidden=\"true\" class=\"eicon-chevron-right\"><\/i>\t\t\t\t\t<\/div>\n\t\t\t\t\n\t\t\t\t\t\t\t\t\t<div class=\"swiper-pagination\"><\/div>\n\t\t\t\t\t\t\t\t\t<\/div>\n\t\t\t\t\t\t<\/div>\n\t\t\t\t<\/div>\n\t\t\t\t\t<\/div>\n\t\t<\/div>\n\t\t\t\t\t<\/div>\n\t\t<\/section>\n\t\t\t\t<section class=\"elementor-section elementor-top-section elementor-element elementor-element-b159259 elementor-section-boxed elementor-section-height-default elementor-section-height-default\" data-id=\"b159259\" data-element_type=\"section\">\n\t\t\t\t\t\t<div class=\"elementor-container elementor-column-gap-default\">\n\t\t\t\t\t<div class=\"elementor-column elementor-col-100 elementor-top-column elementor-element elementor-element-f05731a\" data-id=\"f05731a\" data-element_type=\"column\">\n\t\t\t<div class=\"elementor-widget-wrap elementor-element-populated\">\n\t\t\t\t\t\t<div class=\"elementor-element elementor-element-c9dd443 elementor-widget elementor-widget-spacer\" data-id=\"c9dd443\" data-element_type=\"widget\" data-widget_type=\"spacer.default\">\n\t\t\t\t<div class=\"elementor-widget-container\">\n\t\t\t\t\t\t\t<div class=\"elementor-spacer\">\n\t\t\t<div class=\"elementor-spacer-inner\"><\/div>\n\t\t<\/div>\n\t\t\t\t\t\t<\/div>\n\t\t\t\t<\/div>\n\t\t\t\t\t<\/div>\n\t\t<\/div>\n\t\t\t\t\t<\/div>\n\t\t<\/section>\n\t\t\t\t<\/div>\n\t\t","protected":false},"excerpt":{"rendered":"<p>Vida Escolar A lo largo de su escolaridad el alumno tendr\u00e1 oportunidad de participar en variadas actividades de aprendizaje:\u00a0 Feria del libro, Muestra de talentos, Feria de la ciencia, Semana de Integraci\u00f3n de Aprendizajes, entre otras, que lo llevar\u00e1n a vivir una experiencia educativa diferente. Fuera del horario escolar podr\u00e1 tomar parte en programas: Formaci\u00f3n<br \/><a class=\"moretag\" href=\"https:\/\/www.colegiodescubridores.edu.mx\/index.php\/vida-escolar\/\">+ Read More<\/a><\/p>\n","protected":false},"author":1,"featured_media":0,"parent":0,"menu_order":0,"comment_status":"closed","ping_status":"closed","template":"templates\/page-builder.php","meta":{"_themeisle_gutenberg_block_has_review":false,"footnotes":""},"class_list":["post-946","page","type-page","status-publish","hentry"],"_links":{"self":[{"href":"https:\/\/www.colegiodescubridores.edu.mx\/index.php\/wp-json\/wp\/v2\/pages\/946"}],"collection":[{"href":"https:\/\/www.colegiodescubridores.edu.mx\/index.php\/wp-json\/wp\/v2\/pages"}],"about":[{"href":"https:\/\/www.colegiodescubridores.edu.mx\/index.php\/wp-json\/wp\/v2\/types\/page"}],"author":[{"embeddable":true,"href":"https:\/\/www.colegiodescubridores.edu.mx\/index.php\/wp-json\/wp\/v2\/users\/1"}],"replies":[{"embeddable":true,"href":"https:\/\/www.colegiodescubridores.edu.mx\/index.php\/wp-json\/wp\/v2\/comments?post=946"}],"version-history":[{"count":265,"href":"https:\/\/www.colegiodescubridores.edu.mx\/index.php\/wp-json\/wp\/v2\/pages\/946\/revisions"}],"predecessor-version":[{"id":3448,"href":"https:\/\/www.colegiodescubridores.edu.mx\/index.php\/wp-json\/wp\/v2\/pages\/946\/revisions\/3448"}],"wp:attachment":[{"href":"https:\/\/www.colegiodescubridores.edu.mx\/index.php\/wp-json\/wp\/v2\/media?parent=946"}],"curies":[{"name":"wp","href":"https:\/\/api.w.org\/{rel}","templated":true}]}}