{"id":939,"date":"2020-12-04T13:30:52","date_gmt":"2020-12-04T13:30:52","guid":{"rendered":"http:\/\/wp.colegiodescubridores.edu.mx\/?page_id=939"},"modified":"2025-05-23T18:23:02","modified_gmt":"2025-05-23T18:23:02","slug":"secundaria","status":"publish","type":"page","link":"https:\/\/www.colegiodescubridores.edu.mx\/index.php\/modelo-educativo\/secundaria\/","title":{"rendered":"Secundaria"},"content":{"rendered":"\t\t<div data-elementor-type=\"wp-page\" data-elementor-id=\"939\" class=\"elementor elementor-939\">\n\t\t\t\t\t\t<section class=\"elementor-section elementor-top-section elementor-element elementor-element-3f6979c elementor-section-boxed elementor-section-height-default elementor-section-height-default\" data-id=\"3f6979c\" data-element_type=\"section\">\n\t\t\t\t\t\t<div class=\"elementor-container elementor-column-gap-default\">\n\t\t\t\t\t<div class=\"elementor-column elementor-col-100 elementor-top-column elementor-element elementor-element-3d61b77\" data-id=\"3d61b77\" data-element_type=\"column\">\n\t\t\t<div class=\"elementor-widget-wrap elementor-element-populated\">\n\t\t\t\t\t\t<div class=\"elementor-element elementor-element-22b080f elementor-invisible elementor-widget elementor-widget-heading\" data-id=\"22b080f\" data-element_type=\"widget\" data-settings=\"{&quot;_animation&quot;:&quot;fadeIn&quot;}\" data-widget_type=\"heading.default\">\n\t\t\t\t<div class=\"elementor-widget-container\">\n\t\t\t\t\t<h2 class=\"elementor-heading-title elementor-size-default\">Secundaria<\/h2>\t\t\t\t<\/div>\n\t\t\t\t<\/div>\n\t\t\t\t<div class=\"elementor-element elementor-element-6b20e29 elementor-widget__width-auto elementor-absolute elementor-widget elementor-widget-image\" data-id=\"6b20e29\" data-element_type=\"widget\" data-settings=\"{&quot;_position&quot;:&quot;absolute&quot;}\" data-widget_type=\"image.default\">\n\t\t\t\t<div class=\"elementor-widget-container\">\n\t\t\t\t\t\t\t\t\t\t\t\t\t\t\t<img decoding=\"async\" width=\"72\" height=\"64\" src=\"https:\/\/www.colegiodescubridores.edu.mx\/wp-content\/uploads\/2020\/12\/secundaria.png\" class=\"attachment-footerthumb size-footerthumb wp-image-463\" alt=\"\" \/>\t\t\t\t\t\t\t\t\t\t\t\t\t\t\t<\/div>\n\t\t\t\t<\/div>\n\t\t\t\t<div class=\"elementor-element elementor-element-015440c elementor-widget-divider--view-line elementor-widget elementor-widget-divider\" data-id=\"015440c\" data-element_type=\"widget\" data-widget_type=\"divider.default\">\n\t\t\t\t<div class=\"elementor-widget-container\">\n\t\t\t\t\t\t\t<div class=\"elementor-divider\">\n\t\t\t<span class=\"elementor-divider-separator\">\n\t\t\t\t\t\t<\/span>\n\t\t<\/div>\n\t\t\t\t\t\t<\/div>\n\t\t\t\t<\/div>\n\t\t\t\t<div class=\"elementor-element elementor-element-a9860d4 elementor-widget elementor-widget-text-editor\" data-id=\"a9860d4\" data-element_type=\"widget\" data-widget_type=\"text-editor.default\">\n\t\t\t\t<div class=\"elementor-widget-container\">\n\t\t\t\t\t\t\t\t\t<p style=\"text-align: left;\"><a href=\"https:\/\/www.colegiodescubridores.edu.mx\/index.php\/modelo-educativo\/preescolar\/\">Preescolar<\/a>\u00a0 \u00a0<span style=\"background-color: #ffffff; color: #242729; font-family: Arial, 'Helvetica Neue', Helvetica, sans-serif; font-weight: var( --e-global-typography-text-font-weight );\">\u2022<\/span><span style=\"color: var( --e-global-color-text ); font-family: var( --e-global-typography-text-font-family ), Sans-serif; font-weight: var( --e-global-typography-text-font-weight );\">\u00a0\u00a0\u00a0<\/span><a style=\"font-family: var( --e-global-typography-text-font-family ), Sans-serif; font-weight: var( --e-global-typography-text-font-weight );\" href=\"https:\/\/www.colegiodescubridores.edu.mx\/index.php\/modelo-educativo\/primaria\/\">Primaria<\/a>\u00a0 \u00a0<span style=\"font-weight: var( --e-global-typography-text-font-weight ); background-color: #ffffff; color: #242729; font-family: Arial, 'Helvetica Neue', Helvetica, sans-serif;\">\u2022<\/span><span style=\"color: var( --e-global-color-text ); font-family: var( --e-global-typography-text-font-family ), Sans-serif; font-weight: var( --e-global-typography-text-font-weight );\">\u00a0 \u00a0<\/span><span style=\"color: #000080;\"><strong>Secundaria<\/strong><\/span>\u00a0 \u00a0<span style=\"font-weight: var( --e-global-typography-text-font-weight ); background-color: #ffffff; color: #242729; font-family: Arial, 'Helvetica Neue', Helvetica, sans-serif;\">\u2022<\/span><span style=\"color: var( --e-global-color-text ); font-family: var( --e-global-typography-text-font-family ), Sans-serif; font-weight: var( --e-global-typography-text-font-weight );\">\u00a0 \u00a0<\/span><a href=\"https:\/\/www.colegiodescubridores.edu.mx\/index.php\/curriculum-paralelo\/\"><span style=\"color: var( --e-global-color-text ); font-family: var( --e-global-typography-text-font-family ), Sans-serif; font-weight: var( --e-global-typography-text-font-weight );\">Curriculum Paralelo<\/span><\/a><\/p>\t\t\t\t\t\t\t\t<\/div>\n\t\t\t\t<\/div>\n\t\t\t\t\t<\/div>\n\t\t<\/div>\n\t\t\t\t\t<\/div>\n\t\t<\/section>\n\t\t\t\t<section class=\"elementor-section elementor-top-section elementor-element elementor-element-6c1b54d elementor-section-boxed elementor-section-height-default elementor-section-height-default\" data-id=\"6c1b54d\" data-element_type=\"section\">\n\t\t\t\t\t\t<div class=\"elementor-container elementor-column-gap-default\">\n\t\t\t\t\t<div class=\"elementor-column elementor-col-50 elementor-top-column elementor-element elementor-element-a82ce6d\" data-id=\"a82ce6d\" data-element_type=\"column\">\n\t\t\t<div class=\"elementor-widget-wrap elementor-element-populated\">\n\t\t\t\t\t\t<div class=\"elementor-element elementor-element-de9ec74 elementor-widget elementor-widget-text-editor\" data-id=\"de9ec74\" data-element_type=\"widget\" data-widget_type=\"text-editor.default\">\n\t\t\t\t<div class=\"elementor-widget-container\">\n\t\t\t\t\t\t\t\t\t<h3 class=\"elementor-heading-title elementor-size-default elementor-inline-editing pen\" style=\"text-align: justify; color: #192857;\" contenteditable=\"true\" data-elementor-setting-key=\"title\" data-pen-placeholder=\"Teclea aqu\u00ed...\">Conquistadores<\/h3>\n<p style=\"text-align: justify; color: #192857; font-size: 16px;\">\n<br>Acompa\u00f1amos a los adolescentes en su proceso de cambio hacia la madurez.<br><br>\nAcorde con los nuevos aportes de la psicolog\u00eda cognitiva y la neurociencia, privilegiamos la adopci\u00f3n de actitudes positivas hacia el aprendizaje y un inter\u00e9s genuino por la innovaci\u00f3n y el descubrimiento.\n<br><br>\nPropiciamos el desarrollo del pensamiento reflexivo y autorregulado para que el alumno tome el control de su proceso de aprendizaje.\n<br><br>\nProfundizamos en el dominio del ingl\u00e9s, mediante la pr\u00e1ctica del discurso y el debate de ideas.<\/p>\t\t\t\t\t\t\t\t<\/div>\n\t\t\t\t<\/div>\n\t\t\t\t\t<\/div>\n\t\t<\/div>\n\t\t\t\t<div class=\"elementor-column elementor-col-50 elementor-top-column elementor-element elementor-element-b95d88f\" data-id=\"b95d88f\" data-element_type=\"column\">\n\t\t\t<div class=\"elementor-widget-wrap elementor-element-populated\">\n\t\t\t\t\t\t<div class=\"elementor-element elementor-element-4808aa3 elementor-widget elementor-widget-toggle\" data-id=\"4808aa3\" data-element_type=\"widget\" data-widget_type=\"toggle.default\">\n\t\t\t\t<div class=\"elementor-widget-container\">\n\t\t\t\t\t\t\t<div class=\"elementor-toggle\">\n\t\t\t\t\t\t\t<div class=\"elementor-toggle-item\">\n\t\t\t\t\t<div id=\"elementor-tab-title-7551\" class=\"elementor-tab-title\" data-tab=\"1\" role=\"button\" aria-controls=\"elementor-tab-content-7551\" aria-expanded=\"false\">\n\t\t\t\t\t\t\t\t\t\t\t\t<span class=\"elementor-toggle-icon elementor-toggle-icon-left\" aria-hidden=\"true\">\n\t\t\t\t\t\t\t\t\t\t\t\t\t\t\t<span class=\"elementor-toggle-icon-closed\"><i class=\"fas fa-caret-right\"><\/i><\/span>\n\t\t\t\t\t\t\t\t<span class=\"elementor-toggle-icon-opened\"><i class=\"elementor-toggle-icon-opened fas fa-caret-up\"><\/i><\/span>\n\t\t\t\t\t\t\t\t\t\t\t\t\t<\/span>\n\t\t\t\t\t\t\t\t\t\t\t\t<a class=\"elementor-toggle-title\" tabindex=\"0\">Modelo Curricular<\/a>\n\t\t\t\t\t<\/div>\n\n\t\t\t\t\t<div id=\"elementor-tab-content-7551\" class=\"elementor-tab-content elementor-clearfix\" data-tab=\"1\" role=\"region\" aria-labelledby=\"elementor-tab-title-7551\"><p><strong><span style=\"color: #0000ff;\">&#8211; Espa\u00f1ol<\/span><\/strong><\/p><ul><li>Espa\u00f1ol, competencias lectoras, ortograf\u00eda.<\/li><li>Matem\u00e1ticas.<\/li><li>Ciencias (biolog\u00eda, f\u00edsica, qu\u00edmica).<\/li><li>Geograf\u00eda, historia, formaci\u00f3n c\u00edvica.<\/li><li>M\u00fasica y arte.<\/li><li>Educaci\u00f3n f\u00edsica.<\/li><li>Tecnolog\u00eda (computaci\u00f3n).<\/li><\/ul><p><strong><span style=\"color: #0000ff;\">&#8211; Ingl\u00e9s<\/span><\/strong><\/p><ul><li><span style=\"color: #333333;\">Language arts<\/span><br \/>\u2022 <span style=\"color: #808080;\">Literature: Reading comprehension and vocabulary.<\/span><br \/><span style=\"color: #808080;\">\u2022 English: Grammar and writing process.<\/span><br \/><span style=\"color: #808080;\">\u2022 Speech and debate<\/span>.<\/li><li><span style=\"color: #333333;\">Social Studies<\/span><br \/><span style=\"color: #808080;\">\u2022 Geography.<\/span><br \/><span style=\"color: #808080;\">\u2022 History.<\/span><\/li><\/ul><p><span style=\"color: #0000ff;\"><strong>&#8211; Curriculum paralelo<\/strong><\/span><\/p><ul><li>Juegos colaborativos<\/li><li>Filosof\u00eda para adolescentes.<\/li><\/ul><\/div>\n\t\t\t\t<\/div>\n\t\t\t\t\t\t\t<div class=\"elementor-toggle-item\">\n\t\t\t\t\t<div id=\"elementor-tab-title-7552\" class=\"elementor-tab-title\" data-tab=\"2\" role=\"button\" aria-controls=\"elementor-tab-content-7552\" aria-expanded=\"false\">\n\t\t\t\t\t\t\t\t\t\t\t\t<span class=\"elementor-toggle-icon elementor-toggle-icon-left\" aria-hidden=\"true\">\n\t\t\t\t\t\t\t\t\t\t\t\t\t\t\t<span class=\"elementor-toggle-icon-closed\"><i class=\"fas fa-caret-right\"><\/i><\/span>\n\t\t\t\t\t\t\t\t<span class=\"elementor-toggle-icon-opened\"><i class=\"elementor-toggle-icon-opened fas fa-caret-up\"><\/i><\/span>\n\t\t\t\t\t\t\t\t\t\t\t\t\t<\/span>\n\t\t\t\t\t\t\t\t\t\t\t\t<a class=\"elementor-toggle-title\" tabindex=\"0\">Requisitos de Admisi\u00f3n<\/a>\n\t\t\t\t\t<\/div>\n\n\t\t\t\t\t<div id=\"elementor-tab-content-7552\" class=\"elementor-tab-content elementor-clearfix\" data-tab=\"2\" role=\"region\" aria-labelledby=\"elementor-tab-title-7552\"><ul><li>Acta de nacimiento (original y copia).<\/li><li>CURP (2 copias).<\/li><li>2 Fotograf\u00edas tama\u00f1o infantil.<\/li><li>Cartilla de vacunaci\u00f3n (copia).<\/li><li>Boletas de calificaciones de la SEP de los grados cursados en secundaria.<\/li><li>Boleta y certificado de primaria de la SEP.<\/li><\/ul><p>Cuando proviene de instituci\u00f3n educativa privada:<\/p><ul><li>Boleta interna de calificaciones del \u00faltimo grado cursado.<\/li><li>Carta de buena conducta.<br \/>&#8211; Carta de no adeudo.<\/li><\/ul><\/div>\n\t\t\t\t<\/div>\n\t\t\t\t\t\t\t\t<\/div>\n\t\t\t\t\t\t<\/div>\n\t\t\t\t<\/div>\n\t\t\t\t<div class=\"elementor-element elementor-element-48411a9 elementor-widget elementor-widget-image\" data-id=\"48411a9\" data-element_type=\"widget\" data-widget_type=\"image.default\">\n\t\t\t\t<div class=\"elementor-widget-container\">\n\t\t\t\t\t\t\t\t\t\t\t\t\t\t\t<img fetchpriority=\"high\" decoding=\"async\" width=\"342\" height=\"232\" src=\"https:\/\/www.colegiodescubridores.edu.mx\/wp-content\/uploads\/2020\/12\/logo-colegiodescubridores-qs.png\" class=\"attachment-large size-large wp-image-2608\" alt=\"\" srcset=\"https:\/\/www.colegiodescubridores.edu.mx\/wp-content\/uploads\/2020\/12\/logo-colegiodescubridores-qs.png 342w, https:\/\/www.colegiodescubridores.edu.mx\/wp-content\/uploads\/2020\/12\/logo-colegiodescubridores-qs-300x204.png 300w\" sizes=\"(max-width: 342px) 100vw, 342px\" \/>\t\t\t\t\t\t\t\t\t\t\t\t\t\t\t<\/div>\n\t\t\t\t<\/div>\n\t\t\t\t<div class=\"elementor-element elementor-element-8d0dd15 elementor-mobile-align-center elementor-align-center elementor-widget elementor-widget-button\" data-id=\"8d0dd15\" data-element_type=\"widget\" data-widget_type=\"button.default\">\n\t\t\t\t<div class=\"elementor-widget-container\">\n\t\t\t\t\t\t\t\t\t<div class=\"elementor-button-wrapper\">\n\t\t\t\t\t<a class=\"elementor-button elementor-button-link elementor-size-md\" href=\"https:\/\/www.colegiodescubridores.edu.mx\/index.php\/inscripciones\/\">\n\t\t\t\t\t\t<span class=\"elementor-button-content-wrapper\">\n\t\t\t\t\t\t\t\t\t<span class=\"elementor-button-text\">Informes de inscripci\u00f3n<\/span>\n\t\t\t\t\t<\/span>\n\t\t\t\t\t<\/a>\n\t\t\t\t<\/div>\n\t\t\t\t\t\t\t\t<\/div>\n\t\t\t\t<\/div>\n\t\t\t\t\t<\/div>\n\t\t<\/div>\n\t\t\t\t\t<\/div>\n\t\t<\/section>\n\t\t\t\t<section class=\"elementor-section elementor-top-section elementor-element elementor-element-b2fa3e2 elementor-section-boxed elementor-section-height-default elementor-section-height-default\" data-id=\"b2fa3e2\" data-element_type=\"section\">\n\t\t\t\t\t\t<div class=\"elementor-container elementor-column-gap-default\">\n\t\t\t\t\t<div class=\"elementor-column elementor-col-100 elementor-top-column elementor-element elementor-element-df60067\" data-id=\"df60067\" data-element_type=\"column\">\n\t\t\t<div class=\"elementor-widget-wrap elementor-element-populated\">\n\t\t\t\t\t\t<div class=\"elementor-element elementor-element-7a0fe42 elementor-widget elementor-widget-spacer\" data-id=\"7a0fe42\" data-element_type=\"widget\" data-widget_type=\"spacer.default\">\n\t\t\t\t<div class=\"elementor-widget-container\">\n\t\t\t\t\t\t\t<div class=\"elementor-spacer\">\n\t\t\t<div class=\"elementor-spacer-inner\"><\/div>\n\t\t<\/div>\n\t\t\t\t\t\t<\/div>\n\t\t\t\t<\/div>\n\t\t\t\t\t<\/div>\n\t\t<\/div>\n\t\t\t\t\t<\/div>\n\t\t<\/section>\n\t\t\t\t<section class=\"elementor-section elementor-top-section elementor-element elementor-element-f4097d9 elementor-section-boxed elementor-section-height-default elementor-section-height-default\" data-id=\"f4097d9\" data-element_type=\"section\">\n\t\t\t\t\t\t<div class=\"elementor-container elementor-column-gap-default\">\n\t\t\t\t\t<div class=\"elementor-column elementor-col-100 elementor-top-column elementor-element elementor-element-bc42b1c\" data-id=\"bc42b1c\" data-element_type=\"column\">\n\t\t\t<div class=\"elementor-widget-wrap elementor-element-populated\">\n\t\t\t\t\t\t<div class=\"elementor-element elementor-element-383e76e elementor-widget__width-inherit elementor-widget elementor-widget-image-carousel\" data-id=\"383e76e\" data-element_type=\"widget\" data-settings=\"{&quot;slides_to_show&quot;:&quot;1&quot;,&quot;navigation&quot;:&quot;none&quot;,&quot;effect&quot;:&quot;fade&quot;,&quot;autoplay&quot;:&quot;yes&quot;,&quot;pause_on_hover&quot;:&quot;yes&quot;,&quot;pause_on_interaction&quot;:&quot;yes&quot;,&quot;autoplay_speed&quot;:5000,&quot;infinite&quot;:&quot;yes&quot;,&quot;speed&quot;:500}\" data-widget_type=\"image-carousel.default\">\n\t\t\t\t<div class=\"elementor-widget-container\">\n\t\t\t\t\t\t\t<div class=\"elementor-image-carousel-wrapper swiper\" role=\"region\" aria-roledescription=\"carousel\" aria-label=\"Carrusel de Im\u00e1genes\" dir=\"ltr\">\n\t\t\t<div class=\"elementor-image-carousel swiper-wrapper\" aria-live=\"off\">\n\t\t\t\t\t\t\t\t<div class=\"swiper-slide\" role=\"group\" aria-roledescription=\"slide\" aria-label=\"1 de 1\"><figure class=\"swiper-slide-inner\"><img decoding=\"async\" class=\"swiper-slide-image\" src=\"https:\/\/www.colegiodescubridores.edu.mx\/wp-content\/uploads\/2022\/05\/secundaria-bt1a.jpg\" alt=\"secundaria-bt1a\" \/><\/figure><\/div>\t\t\t<\/div>\n\t\t\t\t\t<\/div>\n\t\t\t\t\t\t<\/div>\n\t\t\t\t<\/div>\n\t\t\t\t\t<\/div>\n\t\t<\/div>\n\t\t\t\t\t<\/div>\n\t\t<\/section>\n\t\t\t\t<\/div>\n\t\t","protected":false},"excerpt":{"rendered":"<p>Secundaria Preescolar\u00a0 \u00a0\u2022\u00a0\u00a0\u00a0Primaria\u00a0 \u00a0\u2022\u00a0 \u00a0Secundaria\u00a0 \u00a0\u2022\u00a0 \u00a0Curriculum Paralelo Conquistadores Acompa\u00f1amos a los adolescentes en su proceso de cambio hacia la madurez. Acorde con los nuevos aportes de la psicolog\u00eda cognitiva y la neurociencia, privilegiamos la adopci\u00f3n de actitudes positivas hacia el aprendizaje y un inter\u00e9s genuino por la innovaci\u00f3n y el descubrimiento. Propiciamos el desarrollo<br \/><a class=\"moretag\" href=\"https:\/\/www.colegiodescubridores.edu.mx\/index.php\/modelo-educativo\/secundaria\/\">+ Read More<\/a><\/p>\n","protected":false},"author":1,"featured_media":0,"parent":757,"menu_order":0,"comment_status":"closed","ping_status":"closed","template":"templates\/page-builder.php","meta":{"_themeisle_gutenberg_block_has_review":false,"footnotes":""},"class_list":["post-939","page","type-page","status-publish","hentry"],"_links":{"self":[{"href":"https:\/\/www.colegiodescubridores.edu.mx\/index.php\/wp-json\/wp\/v2\/pages\/939"}],"collection":[{"href":"https:\/\/www.colegiodescubridores.edu.mx\/index.php\/wp-json\/wp\/v2\/pages"}],"about":[{"href":"https:\/\/www.colegiodescubridores.edu.mx\/index.php\/wp-json\/wp\/v2\/types\/page"}],"author":[{"embeddable":true,"href":"https:\/\/www.colegiodescubridores.edu.mx\/index.php\/wp-json\/wp\/v2\/users\/1"}],"replies":[{"embeddable":true,"href":"https:\/\/www.colegiodescubridores.edu.mx\/index.php\/wp-json\/wp\/v2\/comments?post=939"}],"version-history":[{"count":296,"href":"https:\/\/www.colegiodescubridores.edu.mx\/index.php\/wp-json\/wp\/v2\/pages\/939\/revisions"}],"predecessor-version":[{"id":3484,"href":"https:\/\/www.colegiodescubridores.edu.mx\/index.php\/wp-json\/wp\/v2\/pages\/939\/revisions\/3484"}],"up":[{"embeddable":true,"href":"https:\/\/www.colegiodescubridores.edu.mx\/index.php\/wp-json\/wp\/v2\/pages\/757"}],"wp:attachment":[{"href":"https:\/\/www.colegiodescubridores.edu.mx\/index.php\/wp-json\/wp\/v2\/media?parent=939"}],"curies":[{"name":"wp","href":"https:\/\/api.w.org\/{rel}","templated":true}]}}