{"id":902,"date":"2020-12-04T13:15:54","date_gmt":"2020-12-04T13:15:54","guid":{"rendered":"http:\/\/wp.colegiodescubridores.edu.mx\/?page_id=902"},"modified":"2025-05-23T18:18:52","modified_gmt":"2025-05-23T18:18:52","slug":"preescolar","status":"publish","type":"page","link":"https:\/\/www.colegiodescubridores.edu.mx\/index.php\/modelo-educativo\/preescolar\/","title":{"rendered":"Preescolar"},"content":{"rendered":"\t\t<div data-elementor-type=\"wp-page\" data-elementor-id=\"902\" class=\"elementor elementor-902\">\n\t\t\t\t\t\t<section class=\"elementor-section elementor-top-section elementor-element elementor-element-be7acb2 elementor-section-boxed elementor-section-height-default elementor-section-height-default\" data-id=\"be7acb2\" data-element_type=\"section\">\n\t\t\t\t\t\t<div class=\"elementor-container elementor-column-gap-default\">\n\t\t\t\t\t<div class=\"elementor-column elementor-col-100 elementor-top-column elementor-element elementor-element-0f4bd8a\" data-id=\"0f4bd8a\" data-element_type=\"column\">\n\t\t\t<div class=\"elementor-widget-wrap elementor-element-populated\">\n\t\t\t\t\t\t<div class=\"elementor-element elementor-element-1f647b6 elementor-invisible elementor-widget elementor-widget-heading\" data-id=\"1f647b6\" data-element_type=\"widget\" data-settings=\"{&quot;_animation&quot;:&quot;fadeIn&quot;}\" data-widget_type=\"heading.default\">\n\t\t\t\t<div class=\"elementor-widget-container\">\n\t\t\t\t\t<h2 class=\"elementor-heading-title elementor-size-default\">Preescolar<\/h2>\t\t\t\t<\/div>\n\t\t\t\t<\/div>\n\t\t\t\t<div class=\"elementor-element elementor-element-39cb3bb elementor-widget-divider--view-line elementor-widget elementor-widget-divider\" data-id=\"39cb3bb\" data-element_type=\"widget\" data-widget_type=\"divider.default\">\n\t\t\t\t<div class=\"elementor-widget-container\">\n\t\t\t\t\t\t\t<div class=\"elementor-divider\">\n\t\t\t<span class=\"elementor-divider-separator\">\n\t\t\t\t\t\t<\/span>\n\t\t<\/div>\n\t\t\t\t\t\t<\/div>\n\t\t\t\t<\/div>\n\t\t\t\t<div class=\"elementor-element elementor-element-5344e54 elementor-widget elementor-widget-text-editor\" data-id=\"5344e54\" data-element_type=\"widget\" data-widget_type=\"text-editor.default\">\n\t\t\t\t<div class=\"elementor-widget-container\">\n\t\t\t\t\t\t\t\t\t<p style=\"text-align: left;\"><strong><span style=\"color: #000080;\">Preescolar<\/span><\/strong>\u00a0 \u00a0<span style=\"background-color: #ffffff; color: #242729; font-family: Arial, 'Helvetica Neue', Helvetica, sans-serif; font-weight: var( --e-global-typography-text-font-weight );\">\u2022<\/span><span style=\"color: var( --e-global-color-text ); font-family: var( --e-global-typography-text-font-family ), Sans-serif; font-weight: var( --e-global-typography-text-font-weight );\">\u00a0\u00a0\u00a0<\/span><a style=\"font-family: var( --e-global-typography-text-font-family ), Sans-serif; font-weight: var( --e-global-typography-text-font-weight );\" href=\"https:\/\/www.colegiodescubridores.edu.mx\/index.php\/modelo-educativo\/primaria\/\">Primaria<\/a>\u00a0 \u00a0<span style=\"font-weight: var( --e-global-typography-text-font-weight ); background-color: #ffffff; color: #242729; font-family: Arial, 'Helvetica Neue', Helvetica, sans-serif;\">\u2022<\/span><span style=\"color: var( --e-global-color-text ); font-family: var( --e-global-typography-text-font-family ), Sans-serif; font-weight: var( --e-global-typography-text-font-weight );\">\u00a0 \u00a0<\/span><a style=\"font-family: var( --e-global-typography-text-font-family ), Sans-serif; font-weight: var( --e-global-typography-text-font-weight );\" href=\"https:\/\/www.colegiodescubridores.edu.mx\/index.php\/modelo-educativo\/secundaria\/\">Secundaria<\/a>\u00a0 \u00a0<span style=\"font-weight: var( --e-global-typography-text-font-weight ); background-color: #ffffff; color: #242729; font-family: Arial, 'Helvetica Neue', Helvetica, sans-serif;\">\u2022<\/span><span style=\"color: var( --e-global-color-text ); font-family: var( --e-global-typography-text-font-family ), Sans-serif; font-weight: var( --e-global-typography-text-font-weight );\">\u00a0 \u00a0<\/span><a href=\"https:\/\/www.colegiodescubridores.edu.mx\/index.php\/curriculum-paralelo\/\"><span style=\"color: var( --e-global-color-text ); font-family: var( --e-global-typography-text-font-family ), Sans-serif; font-weight: var( --e-global-typography-text-font-weight );\">Curriculum Paralelo<\/span><\/a><\/p>\t\t\t\t\t\t\t\t<\/div>\n\t\t\t\t<\/div>\n\t\t\t\t\t<\/div>\n\t\t<\/div>\n\t\t\t\t\t<\/div>\n\t\t<\/section>\n\t\t\t\t<section class=\"elementor-section elementor-top-section elementor-element elementor-element-a8a3d6e elementor-section-boxed elementor-section-height-default elementor-section-height-default\" data-id=\"a8a3d6e\" data-element_type=\"section\">\n\t\t\t\t\t\t<div class=\"elementor-container elementor-column-gap-default\">\n\t\t\t\t\t<div class=\"elementor-column elementor-col-33 elementor-top-column elementor-element elementor-element-a24c77a\" data-id=\"a24c77a\" data-element_type=\"column\">\n\t\t\t<div class=\"elementor-widget-wrap elementor-element-populated\">\n\t\t\t\t\t\t<div class=\"elementor-element elementor-element-07f8621 elementor-widget__width-auto elementor-absolute elementor-widget elementor-widget-image\" data-id=\"07f8621\" data-element_type=\"widget\" data-settings=\"{&quot;_position&quot;:&quot;absolute&quot;}\" data-widget_type=\"image.default\">\n\t\t\t\t<div class=\"elementor-widget-container\">\n\t\t\t\t\t\t\t\t\t\t\t\t\t\t\t<img decoding=\"async\" width=\"72\" height=\"64\" src=\"https:\/\/www.colegiodescubridores.edu.mx\/wp-content\/uploads\/2020\/12\/kinder.png\" class=\"attachment-footerthumb size-footerthumb wp-image-461\" alt=\"\" \/>\t\t\t\t\t\t\t\t\t\t\t\t\t\t\t<\/div>\n\t\t\t\t<\/div>\n\t\t\t\t<div class=\"elementor-element elementor-element-c972154 elementor-widget elementor-widget-text-editor\" data-id=\"c972154\" data-element_type=\"widget\" data-widget_type=\"text-editor.default\">\n\t\t\t\t<div class=\"elementor-widget-container\">\n\t\t\t\t\t\t\t\t\t<p style=\"text-align: left;\"><b style=\"color: #192857; font-family: Poppins; font-size: 34px; white-space: pre-wrap;\">Pioneros <\/b><\/p>\n<p style=\"text-align: justify;color:#192857;font-size: 16px;\">Acompa\u00f1amos al ni\u00f1o en la primera etapa del proceso de configuraci\u00f3n de su identidad personal y social.<\/BR><\/BR>\nEl alumno aprende a comunicarse, expresar sus sentimientos,\u00a0 regular sus emociones y\u00a0 canalizar su \u00a0curiosidad \u00a0y energ\u00eda al entendimiento del mundo que le rodea.<BR><BR>\nCon el m\u00e9todo de inmersi\u00f3n plena, los alumnos se inician en el conocimiento de la lengua inglesa aprendiendo vocabulario, fon\u00e9tica, gram\u00e1tica as\u00ed como conceptos y operaciones b\u00e1sicas (spelling and vocabulary, phonics, grammar, science and math.)\n<BR><BR>\nA trav\u00e9s del juego, el alumno aprende a socializar, cooperar, crear\u00a0 y poner en pr\u00e1ctica el respeto, la empat\u00eda, la tolerancia y la inclusi\u00f3n.\t\t\t\t\t\t\t\t<\/div>\n\t\t\t\t<\/div>\n\t\t\t\t\t<\/div>\n\t\t<\/div>\n\t\t\t\t<div class=\"elementor-column elementor-col-66 elementor-top-column elementor-element elementor-element-d2c575b\" data-id=\"d2c575b\" data-element_type=\"column\">\n\t\t\t<div class=\"elementor-widget-wrap elementor-element-populated\">\n\t\t\t\t\t\t<div class=\"elementor-element elementor-element-27d0686 elementor-widget elementor-widget-toggle\" data-id=\"27d0686\" data-element_type=\"widget\" data-widget_type=\"toggle.default\">\n\t\t\t\t<div class=\"elementor-widget-container\">\n\t\t\t\t\t\t\t<div class=\"elementor-toggle\">\n\t\t\t\t\t\t\t<div class=\"elementor-toggle-item\">\n\t\t\t\t\t<div id=\"elementor-tab-title-4171\" class=\"elementor-tab-title\" data-tab=\"1\" role=\"button\" aria-controls=\"elementor-tab-content-4171\" aria-expanded=\"false\">\n\t\t\t\t\t\t\t\t\t\t\t\t<span class=\"elementor-toggle-icon elementor-toggle-icon-left\" aria-hidden=\"true\">\n\t\t\t\t\t\t\t\t\t\t\t\t\t\t\t<span class=\"elementor-toggle-icon-closed\"><i class=\"fas fa-caret-right\"><\/i><\/span>\n\t\t\t\t\t\t\t\t<span class=\"elementor-toggle-icon-opened\"><i class=\"elementor-toggle-icon-opened fas fa-caret-up\"><\/i><\/span>\n\t\t\t\t\t\t\t\t\t\t\t\t\t<\/span>\n\t\t\t\t\t\t\t\t\t\t\t\t<a class=\"elementor-toggle-title\" tabindex=\"0\">Modelo Curricular<\/a>\n\t\t\t\t\t<\/div>\n\n\t\t\t\t\t<div id=\"elementor-tab-content-4171\" class=\"elementor-tab-content elementor-clearfix\" data-tab=\"1\" role=\"region\" aria-labelledby=\"elementor-tab-title-4171\"><p><span style=\"color: #3366ff;\"><strong>&#8211; Espa\u00f1ol<\/strong><\/span><\/p><ul><li>Lenguaje y comunicaci\u00f3n.<\/li><li>Pensamiento matem\u00e1tico.<\/li><li>Exploraci\u00f3n y conocimiento del mundo.<\/li><li>Desarrollo f\u00edsco y salud.<\/li><li>Desarrollo personal y social.<\/li><li>Expresi\u00f3n y apreciaci\u00f3n art\u00edsticas.<\/li><\/ul><p><span style=\"color: #3366ff;\"><strong>&#8211; Ingl\u00e9s<\/strong><\/span><\/p><ul><li>Language arts:<br \/>\u00a0 \u00a0 \u00a0&#8211; Reading.<br \/>\u00a0 \u00a0 \u00a0&#8211; Writing.<br \/>\u00a0 \u00a0 \u00a0&#8211; Phonics.<br \/>\u00a0 \u00a0 \u00a0&#8211; Vocabulary.<\/li><li>Math.<\/li><li>Science.<\/li><\/ul><p><strong><span style=\"color: #3366ff;\">&#8211; Curriculum paralelo<\/span><\/strong><\/p><ul><li>Juegos colaborativos<\/li><li><span style=\"color: var( --e-global-color-text ); font-family: var( --e-global-typography-text-font-family ), Sans-serif; font-weight: var( --e-global-typography-text-font-weight );\">Filosof\u00eda para ni\u00f1os.<\/span><\/li><\/ul><\/div>\n\t\t\t\t<\/div>\n\t\t\t\t\t\t\t<div class=\"elementor-toggle-item\">\n\t\t\t\t\t<div id=\"elementor-tab-title-4172\" class=\"elementor-tab-title\" data-tab=\"2\" role=\"button\" aria-controls=\"elementor-tab-content-4172\" aria-expanded=\"false\">\n\t\t\t\t\t\t\t\t\t\t\t\t<span class=\"elementor-toggle-icon elementor-toggle-icon-left\" aria-hidden=\"true\">\n\t\t\t\t\t\t\t\t\t\t\t\t\t\t\t<span class=\"elementor-toggle-icon-closed\"><i class=\"fas fa-caret-right\"><\/i><\/span>\n\t\t\t\t\t\t\t\t<span class=\"elementor-toggle-icon-opened\"><i class=\"elementor-toggle-icon-opened fas fa-caret-up\"><\/i><\/span>\n\t\t\t\t\t\t\t\t\t\t\t\t\t<\/span>\n\t\t\t\t\t\t\t\t\t\t\t\t<a class=\"elementor-toggle-title\" tabindex=\"0\">Requisitos de Admisi\u00f3n<\/a>\n\t\t\t\t\t<\/div>\n\n\t\t\t\t\t<div id=\"elementor-tab-content-4172\" class=\"elementor-tab-content elementor-clearfix\" data-tab=\"2\" role=\"region\" aria-labelledby=\"elementor-tab-title-4172\"><ul><li>Acta de nacimiento (original y copia).<\/li><li>CURP (2 copias).<\/li><li>2 Fotograf\u00edas tama\u00f1o infantil.<\/li><li>Cartilla de vacunaci\u00f3n (copia).<\/li><li>Boleta de calificaci\u00f3n de la SEP.<\/li><\/ul><p>Cuando proviene de instituci\u00f3n educativa privada:<\/p><ul><li>Boleta interna de calificaciones del \u00faltimo grado cursado.<\/li><li>Carta de buena conducta.<\/li><li>Carta de no adeudo.<\/li><\/ul><\/div>\n\t\t\t\t<\/div>\n\t\t\t\t\t\t\t\t<\/div>\n\t\t\t\t\t\t<\/div>\n\t\t\t\t<\/div>\n\t\t\t\t<div class=\"elementor-element elementor-element-9e1190e elementor-widget elementor-widget-image\" data-id=\"9e1190e\" data-element_type=\"widget\" data-widget_type=\"image.default\">\n\t\t\t\t<div class=\"elementor-widget-container\">\n\t\t\t\t\t\t\t\t\t\t\t\t\t\t\t<img fetchpriority=\"high\" decoding=\"async\" width=\"342\" height=\"232\" src=\"https:\/\/www.colegiodescubridores.edu.mx\/wp-content\/uploads\/2020\/12\/logo-colegiodescubridores-qs.png\" class=\"attachment-large size-large wp-image-2608\" alt=\"\" srcset=\"https:\/\/www.colegiodescubridores.edu.mx\/wp-content\/uploads\/2020\/12\/logo-colegiodescubridores-qs.png 342w, https:\/\/www.colegiodescubridores.edu.mx\/wp-content\/uploads\/2020\/12\/logo-colegiodescubridores-qs-300x204.png 300w\" sizes=\"(max-width: 342px) 100vw, 342px\" \/>\t\t\t\t\t\t\t\t\t\t\t\t\t\t\t<\/div>\n\t\t\t\t<\/div>\n\t\t\t\t<div class=\"elementor-element elementor-element-b74e531 elementor-mobile-align-center elementor-align-center elementor-widget elementor-widget-button\" data-id=\"b74e531\" data-element_type=\"widget\" data-widget_type=\"button.default\">\n\t\t\t\t<div class=\"elementor-widget-container\">\n\t\t\t\t\t\t\t\t\t<div class=\"elementor-button-wrapper\">\n\t\t\t\t\t<a class=\"elementor-button elementor-button-link elementor-size-md\" href=\"https:\/\/www.colegiodescubridores.edu.mx\/index.php\/inscripciones\/\">\n\t\t\t\t\t\t<span class=\"elementor-button-content-wrapper\">\n\t\t\t\t\t\t\t\t\t<span class=\"elementor-button-text\">Informes<\/span>\n\t\t\t\t\t<\/span>\n\t\t\t\t\t<\/a>\n\t\t\t\t<\/div>\n\t\t\t\t\t\t\t\t<\/div>\n\t\t\t\t<\/div>\n\t\t\t\t\t<\/div>\n\t\t<\/div>\n\t\t\t\t\t<\/div>\n\t\t<\/section>\n\t\t\t\t<section class=\"elementor-section elementor-top-section elementor-element elementor-element-4176a6c elementor-section-boxed elementor-section-height-default elementor-section-height-default\" data-id=\"4176a6c\" data-element_type=\"section\">\n\t\t\t\t\t\t<div class=\"elementor-container elementor-column-gap-default\">\n\t\t\t\t\t<div class=\"elementor-column elementor-col-100 elementor-top-column elementor-element elementor-element-21548db\" data-id=\"21548db\" data-element_type=\"column\">\n\t\t\t<div class=\"elementor-widget-wrap\">\n\t\t\t\t\t\t\t<\/div>\n\t\t<\/div>\n\t\t\t\t\t<\/div>\n\t\t<\/section>\n\t\t\t\t<section class=\"elementor-section elementor-top-section elementor-element elementor-element-b623d8f elementor-section-boxed elementor-section-height-default elementor-section-height-default\" data-id=\"b623d8f\" data-element_type=\"section\">\n\t\t\t\t\t\t<div class=\"elementor-container elementor-column-gap-default\">\n\t\t\t\t\t<div class=\"elementor-column elementor-col-100 elementor-top-column elementor-element elementor-element-f6ca8bf\" data-id=\"f6ca8bf\" data-element_type=\"column\">\n\t\t\t<div class=\"elementor-widget-wrap elementor-element-populated\">\n\t\t\t\t\t\t<div class=\"elementor-element elementor-element-d4f90b2 elementor-widget__width-inherit elementor-widget elementor-widget-image-carousel\" data-id=\"d4f90b2\" data-element_type=\"widget\" data-settings=\"{&quot;slides_to_show&quot;:&quot;1&quot;,&quot;navigation&quot;:&quot;none&quot;,&quot;effect&quot;:&quot;fade&quot;,&quot;autoplay&quot;:&quot;yes&quot;,&quot;pause_on_hover&quot;:&quot;yes&quot;,&quot;pause_on_interaction&quot;:&quot;yes&quot;,&quot;autoplay_speed&quot;:5000,&quot;infinite&quot;:&quot;yes&quot;,&quot;speed&quot;:500}\" data-widget_type=\"image-carousel.default\">\n\t\t\t\t<div class=\"elementor-widget-container\">\n\t\t\t\t\t\t\t<div class=\"elementor-image-carousel-wrapper swiper\" role=\"region\" aria-roledescription=\"carousel\" aria-label=\"Carrusel de Im\u00e1genes\" dir=\"ltr\">\n\t\t\t<div class=\"elementor-image-carousel swiper-wrapper\" aria-live=\"off\">\n\t\t\t\t\t\t\t\t<div class=\"swiper-slide\" role=\"group\" aria-roledescription=\"slide\" aria-label=\"1 de 4\"><figure class=\"swiper-slide-inner\"><img decoding=\"async\" class=\"swiper-slide-image\" src=\"https:\/\/www.colegiodescubridores.edu.mx\/wp-content\/uploads\/2020\/12\/preescolar-bt2.jpg\" alt=\"preescolar-bt2\" \/><\/figure><\/div><div class=\"swiper-slide\" role=\"group\" aria-roledescription=\"slide\" aria-label=\"2 de 4\"><figure class=\"swiper-slide-inner\"><img decoding=\"async\" class=\"swiper-slide-image\" src=\"https:\/\/www.colegiodescubridores.edu.mx\/wp-content\/uploads\/2020\/12\/preescolar-bt1.jpg\" alt=\"preescolar-bt1\" \/><\/figure><\/div><div class=\"swiper-slide\" role=\"group\" aria-roledescription=\"slide\" aria-label=\"3 de 4\"><figure class=\"swiper-slide-inner\"><img decoding=\"async\" class=\"swiper-slide-image\" src=\"https:\/\/www.colegiodescubridores.edu.mx\/wp-content\/uploads\/2020\/12\/preescolar-bt4.jpg\" alt=\"preescolar-bt4\" \/><\/figure><\/div><div class=\"swiper-slide\" role=\"group\" aria-roledescription=\"slide\" aria-label=\"4 de 4\"><figure class=\"swiper-slide-inner\"><img decoding=\"async\" class=\"swiper-slide-image\" src=\"https:\/\/www.colegiodescubridores.edu.mx\/wp-content\/uploads\/2020\/12\/preescolar-bt5.jpg\" alt=\"preescolar-bt5\" \/><\/figure><\/div>\t\t\t<\/div>\n\t\t\t\t\t\t\t\n\t\t\t\t\t\t\t\t\t<\/div>\n\t\t\t\t\t\t<\/div>\n\t\t\t\t<\/div>\n\t\t\t\t\t<\/div>\n\t\t<\/div>\n\t\t\t\t\t<\/div>\n\t\t<\/section>\n\t\t\t\t<\/div>\n\t\t","protected":false},"excerpt":{"rendered":"<p>Preescolar Preescolar\u00a0 \u00a0\u2022\u00a0\u00a0\u00a0Primaria\u00a0 \u00a0\u2022\u00a0 \u00a0Secundaria\u00a0 \u00a0\u2022\u00a0 \u00a0Curriculum Paralelo Pioneros Acompa\u00f1amos al ni\u00f1o en la primera etapa del proceso de configuraci\u00f3n de su identidad personal y social. El alumno aprende a comunicarse, expresar sus sentimientos,\u00a0 regular sus emociones y\u00a0 canalizar su \u00a0curiosidad \u00a0y energ\u00eda al entendimiento del mundo que le rodea. Con el m\u00e9todo de inmersi\u00f3n<br \/><a class=\"moretag\" href=\"https:\/\/www.colegiodescubridores.edu.mx\/index.php\/modelo-educativo\/preescolar\/\">+ Read More<\/a><\/p>\n","protected":false},"author":1,"featured_media":0,"parent":757,"menu_order":0,"comment_status":"closed","ping_status":"closed","template":"templates\/page-builder.php","meta":{"_themeisle_gutenberg_block_has_review":false,"footnotes":""},"class_list":["post-902","page","type-page","status-publish","hentry"],"_links":{"self":[{"href":"https:\/\/www.colegiodescubridores.edu.mx\/index.php\/wp-json\/wp\/v2\/pages\/902"}],"collection":[{"href":"https:\/\/www.colegiodescubridores.edu.mx\/index.php\/wp-json\/wp\/v2\/pages"}],"about":[{"href":"https:\/\/www.colegiodescubridores.edu.mx\/index.php\/wp-json\/wp\/v2\/types\/page"}],"author":[{"embeddable":true,"href":"https:\/\/www.colegiodescubridores.edu.mx\/index.php\/wp-json\/wp\/v2\/users\/1"}],"replies":[{"embeddable":true,"href":"https:\/\/www.colegiodescubridores.edu.mx\/index.php\/wp-json\/wp\/v2\/comments?post=902"}],"version-history":[{"count":448,"href":"https:\/\/www.colegiodescubridores.edu.mx\/index.php\/wp-json\/wp\/v2\/pages\/902\/revisions"}],"predecessor-version":[{"id":3478,"href":"https:\/\/www.colegiodescubridores.edu.mx\/index.php\/wp-json\/wp\/v2\/pages\/902\/revisions\/3478"}],"up":[{"embeddable":true,"href":"https:\/\/www.colegiodescubridores.edu.mx\/index.php\/wp-json\/wp\/v2\/pages\/757"}],"wp:attachment":[{"href":"https:\/\/www.colegiodescubridores.edu.mx\/index.php\/wp-json\/wp\/v2\/media?parent=902"}],"curies":[{"name":"wp","href":"https:\/\/api.w.org\/{rel}","templated":true}]}}