{"id":757,"date":"2020-12-03T00:23:02","date_gmt":"2020-12-03T00:23:02","guid":{"rendered":"http:\/\/wp.colegiodescubridores.edu.mx\/?page_id=757"},"modified":"2022-01-18T15:58:29","modified_gmt":"2022-01-18T15:58:29","slug":"modelo-educativo","status":"publish","type":"page","link":"https:\/\/www.colegiodescubridores.edu.mx\/index.php\/modelo-educativo\/","title":{"rendered":""},"content":{"rendered":"\t\t<div data-elementor-type=\"wp-page\" data-elementor-id=\"757\" class=\"elementor elementor-757\">\n\t\t\t\t\t\t<section class=\"elementor-section elementor-top-section elementor-element elementor-element-554b000 elementor-section-boxed elementor-section-height-default elementor-section-height-default\" data-id=\"554b000\" data-element_type=\"section\">\n\t\t\t\t\t\t<div class=\"elementor-container elementor-column-gap-default\">\n\t\t\t\t\t<div class=\"elementor-column elementor-col-100 elementor-top-column elementor-element elementor-element-13142ee\" data-id=\"13142ee\" data-element_type=\"column\">\n\t\t\t<div class=\"elementor-widget-wrap elementor-element-populated\">\n\t\t\t\t\t\t<div class=\"elementor-element elementor-element-88e206c elementor-invisible elementor-widget elementor-widget-heading\" data-id=\"88e206c\" data-element_type=\"widget\" data-settings=\"{&quot;_animation&quot;:&quot;fadeIn&quot;}\" data-widget_type=\"heading.default\">\n\t\t\t\t<div class=\"elementor-widget-container\">\n\t\t\t\t\t<h2 class=\"elementor-heading-title elementor-size-default\">Modelo Educativo<\/h2>\t\t\t\t<\/div>\n\t\t\t\t<\/div>\n\t\t\t\t<div class=\"elementor-element elementor-element-94da806 elementor-widget-divider--view-line elementor-widget elementor-widget-divider\" data-id=\"94da806\" data-element_type=\"widget\" data-widget_type=\"divider.default\">\n\t\t\t\t<div class=\"elementor-widget-container\">\n\t\t\t\t\t\t\t<div class=\"elementor-divider\">\n\t\t\t<span class=\"elementor-divider-separator\">\n\t\t\t\t\t\t<\/span>\n\t\t<\/div>\n\t\t\t\t\t\t<\/div>\n\t\t\t\t<\/div>\n\t\t\t\t<div class=\"elementor-element elementor-element-3d1e175 elementor-widget elementor-widget-text-editor\" data-id=\"3d1e175\" data-element_type=\"widget\" data-widget_type=\"text-editor.default\">\n\t\t\t\t<div class=\"elementor-widget-container\">\n\t\t\t\t\t\t\t\t\t<p style=\"text-align: center;\"><a href=\"https:\/\/www.colegiodescubridores.edu.mx\/index.php\/modelo-educativo\/preescolar\/\">Preescolar<\/a>\u00a0 \u00a0<span style=\"background-color: #ffffff; color: #242729; font-family: Arial, 'Helvetica Neue', Helvetica, sans-serif; font-weight: var( --e-global-typography-text-font-weight );\">\u2022<\/span><span style=\"color: var( --e-global-color-text ); font-family: var( --e-global-typography-text-font-family ), Sans-serif; font-weight: var( --e-global-typography-text-font-weight );\">\u00a0\u00a0\u00a0<\/span><a style=\"font-family: var( --e-global-typography-text-font-family ), Sans-serif; font-weight: var( --e-global-typography-text-font-weight );\" href=\"https:\/\/www.colegiodescubridores.edu.mx\/index.php\/modelo-educativo\/primaria\/\">Primaria<\/a>\u00a0 \u00a0<span style=\"font-weight: var( --e-global-typography-text-font-weight ); background-color: #ffffff; color: #242729; font-family: Arial, 'Helvetica Neue', Helvetica, sans-serif;\">\u2022<\/span><span style=\"color: var( --e-global-color-text ); font-family: var( --e-global-typography-text-font-family ), Sans-serif; font-weight: var( --e-global-typography-text-font-weight );\">\u00a0 \u00a0<\/span><a style=\"font-family: var( --e-global-typography-text-font-family ), Sans-serif; font-weight: var( --e-global-typography-text-font-weight );\" href=\"https:\/\/www.colegiodescubridores.edu.mx\/index.php\/modelo-educativo\/secundaria\/\">Secundaria<\/a>\u00a0 \u00a0<span style=\"font-weight: var( --e-global-typography-text-font-weight ); background-color: #ffffff; color: #242729; font-family: Arial, 'Helvetica Neue', Helvetica, sans-serif;\">\u2022<\/span><span style=\"color: var( --e-global-color-text ); font-family: var( --e-global-typography-text-font-family ), Sans-serif; font-weight: var( --e-global-typography-text-font-weight );\">\u00a0 \u00a0<\/span><a href=\"https:\/\/www.colegiodescubridores.edu.mx\/index.php\/curriculum-paralelo\/\"><span style=\"color: var( --e-global-color-text ); font-family: var( --e-global-typography-text-font-family ), Sans-serif; font-weight: var( --e-global-typography-text-font-weight );\">Curriculum Paralelo<\/span><\/a><\/p>\t\t\t\t\t\t\t\t<\/div>\n\t\t\t\t<\/div>\n\t\t\t\t\t<\/div>\n\t\t<\/div>\n\t\t\t\t\t<\/div>\n\t\t<\/section>\n\t\t\t\t<section class=\"elementor-section elementor-top-section elementor-element elementor-element-a241921 elementor-section-boxed elementor-section-height-default elementor-section-height-default\" data-id=\"a241921\" data-element_type=\"section\">\n\t\t\t\t\t\t<div class=\"elementor-container elementor-column-gap-default\">\n\t\t\t\t\t<div class=\"elementor-column elementor-col-33 elementor-top-column elementor-element elementor-element-0953b51\" data-id=\"0953b51\" data-element_type=\"column\">\n\t\t\t<div class=\"elementor-widget-wrap elementor-element-populated\">\n\t\t\t\t\t\t<section class=\"elementor-section elementor-inner-section elementor-element elementor-element-d4325be elementor-section-boxed elementor-section-height-default elementor-section-height-default\" data-id=\"d4325be\" data-element_type=\"section\" data-settings=\"{&quot;background_background&quot;:&quot;classic&quot;}\">\n\t\t\t\t\t\t<div class=\"elementor-container elementor-column-gap-default\">\n\t\t\t\t\t<div class=\"elementor-column elementor-col-100 elementor-inner-column elementor-element elementor-element-6d5b0ad\" data-id=\"6d5b0ad\" data-element_type=\"column\">\n\t\t\t<div class=\"elementor-widget-wrap elementor-element-populated\">\n\t\t\t\t\t\t<div class=\"elementor-element elementor-element-c939cc7 elementor-widget elementor-widget-text-editor\" data-id=\"c939cc7\" data-element_type=\"widget\" data-widget_type=\"text-editor.default\">\n\t\t\t\t<div class=\"elementor-widget-container\">\n\t\t\t\t\t\t\t\t\t<p>Con un modelo integrado de aprendizaje desde preescolar hasta secundaria (K-9), los alumnos adquieren las competencias necesarias para proseguir sus estudios lo mismo en instituciones nacionales que extranjeras.<\/p>\t\t\t\t\t\t\t\t<\/div>\n\t\t\t\t<\/div>\n\t\t\t\t\t<\/div>\n\t\t<\/div>\n\t\t\t\t\t<\/div>\n\t\t<\/section>\n\t\t\t\t<div class=\"elementor-element elementor-element-83664a8 elementor-mobile-align-center elementor-align-center elementor-widget elementor-widget-button\" data-id=\"83664a8\" data-element_type=\"widget\" data-widget_type=\"button.default\">\n\t\t\t\t<div class=\"elementor-widget-container\">\n\t\t\t\t\t\t\t\t\t<div class=\"elementor-button-wrapper\">\n\t\t\t\t\t<a class=\"elementor-button elementor-button-link elementor-size-md\" href=\"https:\/\/bit.ly\/3oZtdy4\" target=\"_blank\">\n\t\t\t\t\t\t<span class=\"elementor-button-content-wrapper\">\n\t\t\t\t\t\t\t\t\t<span class=\"elementor-button-text\">Informes<\/span>\n\t\t\t\t\t<\/span>\n\t\t\t\t\t<\/a>\n\t\t\t\t<\/div>\n\t\t\t\t\t\t\t\t<\/div>\n\t\t\t\t<\/div>\n\t\t\t\t\t<\/div>\n\t\t<\/div>\n\t\t\t\t<div class=\"elementor-column elementor-col-66 elementor-top-column elementor-element elementor-element-934ec87\" data-id=\"934ec87\" data-element_type=\"column\">\n\t\t\t<div class=\"elementor-widget-wrap elementor-element-populated\">\n\t\t\t\t\t\t<div class=\"elementor-element elementor-element-899ecc9 elementor-widget elementor-widget-heading\" data-id=\"899ecc9\" data-element_type=\"widget\" data-widget_type=\"heading.default\">\n\t\t\t\t<div class=\"elementor-widget-container\">\n\t\t\t\t\t<h2 class=\"elementor-heading-title elementor-size-default\"><br>Ejes rectores del modelo educativo<\/h2>\t\t\t\t<\/div>\n\t\t\t\t<\/div>\n\t\t\t\t<div class=\"elementor-element elementor-element-a91cde6 elementor-widget elementor-widget-text-editor\" data-id=\"a91cde6\" data-element_type=\"widget\" data-widget_type=\"text-editor.default\">\n\t\t\t\t<div class=\"elementor-widget-container\">\n\t\t\t\t\t\t\t\t\t<ul><li><strong><span style=\"color: #192857;\">Pensamiento cr\u00edtico<\/span>, <\/strong>para que el alumno se cuestione, investigue y aprenda a descubrir el sentido de la vida;<\/li><\/ul><ul><li><span style=\"color: #192857;\"><strong>Imaginaci\u00f3n creativa<\/strong><\/span>, para alentar la innovaci\u00f3n, la creatividad y la confianza de lograr un mundo mejor con mayores oportunidades;<\/li><\/ul><ul><li><span style=\"color: #192857;\"><strong>Apreciaci\u00f3n est\u00e9tica<\/strong><\/span>, para que valore y disfrute la belleza existente y la que es capaz de crear;<\/li><\/ul><ul><li><span style=\"color: #192857;\"><strong>Sensibilidad y humanismo<\/strong><\/span>, para que aprenda a respetar y sentir empat\u00eda hacia los dem\u00e1s, aprecio por s\u00ed mismo y respeto por la naturaleza;<\/li><\/ul><ul><li><span style=\"color: #192857;\"><strong>Desarrollo de destrezas f\u00edsicas<\/strong><\/span>, para que alcance un pleno desarrollo f\u00edsico y mental, temple el car\u00e1cter y aprenda a controlar impulsos y emociones.<\/li><\/ul><div>\u00a0<\/div>\t\t\t\t\t\t\t\t<\/div>\n\t\t\t\t<\/div>\n\t\t\t\t\t<\/div>\n\t\t<\/div>\n\t\t\t\t\t<\/div>\n\t\t<\/section>\n\t\t\t\t<section class=\"elementor-section elementor-top-section elementor-element elementor-element-cef3052 elementor-section-content-top elementor-section-boxed elementor-section-height-default elementor-section-height-default\" data-id=\"cef3052\" data-element_type=\"section\" data-settings=\"{&quot;background_background&quot;:&quot;classic&quot;}\">\n\t\t\t\t\t\t<div class=\"elementor-container elementor-column-gap-no\">\n\t\t\t\t\t<div class=\"elementor-column elementor-col-33 elementor-top-column elementor-element elementor-element-9d5703a elementor-invisible\" data-id=\"9d5703a\" data-element_type=\"column\" data-settings=\"{&quot;animation&quot;:&quot;zoomIn&quot;}\">\n\t\t\t<div class=\"elementor-widget-wrap elementor-element-populated\">\n\t\t\t\t\t\t<div class=\"elementor-element elementor-element-609c39f elementor-widget elementor-widget-image\" data-id=\"609c39f\" data-element_type=\"widget\" data-widget_type=\"image.default\">\n\t\t\t\t<div class=\"elementor-widget-container\">\n\t\t\t\t\t\t\t\t\t\t\t\t\t\t\t<img decoding=\"async\" width=\"174\" height=\"116\" src=\"https:\/\/www.colegiodescubridores.edu.mx\/wp-content\/uploads\/2020\/08\/pattern-box.png\" class=\"attachment-large size-large wp-image-88\" alt=\"\" \/>\t\t\t\t\t\t\t\t\t\t\t\t\t\t\t<\/div>\n\t\t\t\t<\/div>\n\t\t\t\t<div class=\"elementor-element elementor-element-d549e8f elementor-widget elementor-widget-image\" data-id=\"d549e8f\" data-element_type=\"widget\" data-widget_type=\"image.default\">\n\t\t\t\t<div class=\"elementor-widget-container\">\n\t\t\t\t\t\t\t\t\t\t\t\t\t\t\t<img fetchpriority=\"high\" decoding=\"async\" width=\"342\" height=\"232\" src=\"https:\/\/www.colegiodescubridores.edu.mx\/wp-content\/uploads\/2020\/12\/logo-colegiodescubridores-qs.png\" class=\"attachment-large size-large wp-image-2608\" alt=\"\" srcset=\"https:\/\/www.colegiodescubridores.edu.mx\/wp-content\/uploads\/2020\/12\/logo-colegiodescubridores-qs.png 342w, https:\/\/www.colegiodescubridores.edu.mx\/wp-content\/uploads\/2020\/12\/logo-colegiodescubridores-qs-300x204.png 300w\" sizes=\"(max-width: 342px) 100vw, 342px\" \/>\t\t\t\t\t\t\t\t\t\t\t\t\t\t\t<\/div>\n\t\t\t\t<\/div>\n\t\t\t\t\t<\/div>\n\t\t<\/div>\n\t\t\t\t<div class=\"elementor-column elementor-col-66 elementor-top-column elementor-element elementor-element-1e07cc0 elementor-invisible\" data-id=\"1e07cc0\" data-element_type=\"column\" data-settings=\"{&quot;animation&quot;:&quot;fadeInRight&quot;}\">\n\t\t\t<div class=\"elementor-widget-wrap elementor-element-populated\">\n\t\t\t\t\t\t<div class=\"elementor-element elementor-element-7fc9a60 elementor-widget elementor-widget-heading\" data-id=\"7fc9a60\" data-element_type=\"widget\" data-widget_type=\"heading.default\">\n\t\t\t\t<div class=\"elementor-widget-container\">\n\t\t\t\t\t<h1 class=\"elementor-heading-title elementor-size-default\">Oferta de Estudio<\/h1>\t\t\t\t<\/div>\n\t\t\t\t<\/div>\n\t\t\t\t<section class=\"elementor-section elementor-inner-section elementor-element elementor-element-26e46c8 elementor-section-boxed elementor-section-height-default elementor-section-height-default\" data-id=\"26e46c8\" data-element_type=\"section\">\n\t\t\t\t\t\t<div class=\"elementor-container elementor-column-gap-default\">\n\t\t\t\t\t<div class=\"elementor-column elementor-col-33 elementor-inner-column elementor-element elementor-element-8f4335a\" data-id=\"8f4335a\" data-element_type=\"column\">\n\t\t\t<div class=\"elementor-widget-wrap elementor-element-populated\">\n\t\t\t\t\t\t<div class=\"elementor-element elementor-element-a4b6fa1 service-img-box elementor-position-top elementor-widget elementor-widget-image-box\" data-id=\"a4b6fa1\" data-element_type=\"widget\" data-widget_type=\"image-box.default\">\n\t\t\t\t<div class=\"elementor-widget-container\">\n\t\t\t\t\t<div class=\"elementor-image-box-wrapper\"><figure class=\"elementor-image-box-img\"><a href=\"https:\/\/www.colegiodescubridores.edu.mx\/index.php\/preescolar\/\" tabindex=\"-1\"><img decoding=\"async\" width=\"72\" height=\"64\" src=\"https:\/\/www.colegiodescubridores.edu.mx\/wp-content\/uploads\/2020\/12\/kinder.png\" class=\"attachment-full size-full wp-image-461\" alt=\"\" \/><\/a><\/figure><div class=\"elementor-image-box-content\"><h3 class=\"elementor-image-box-title\"><a href=\"https:\/\/www.colegiodescubridores.edu.mx\/index.php\/preescolar\/\">Preescolar<\/a><\/h3><p class=\"elementor-image-box-description\"><b>Pioneros<\/b><\/p><\/div><\/div>\t\t\t\t<\/div>\n\t\t\t\t<\/div>\n\t\t\t\t\t<\/div>\n\t\t<\/div>\n\t\t\t\t<div class=\"elementor-column elementor-col-33 elementor-inner-column elementor-element elementor-element-24ddb81\" data-id=\"24ddb81\" data-element_type=\"column\">\n\t\t\t<div class=\"elementor-widget-wrap elementor-element-populated\">\n\t\t\t\t\t\t<div class=\"elementor-element elementor-element-dc8eaeb service-img-box elementor-position-top elementor-widget elementor-widget-image-box\" data-id=\"dc8eaeb\" data-element_type=\"widget\" data-widget_type=\"image-box.default\">\n\t\t\t\t<div class=\"elementor-widget-container\">\n\t\t\t\t\t<div class=\"elementor-image-box-wrapper\"><figure class=\"elementor-image-box-img\"><a href=\"https:\/\/www.colegiodescubridores.edu.mx\/index.php\/primaria\/\" tabindex=\"-1\"><img loading=\"lazy\" decoding=\"async\" width=\"72\" height=\"64\" src=\"https:\/\/www.colegiodescubridores.edu.mx\/wp-content\/uploads\/2020\/12\/primaria.png\" class=\"attachment-full size-full wp-image-462\" alt=\"\" \/><\/a><\/figure><div class=\"elementor-image-box-content\"><h3 class=\"elementor-image-box-title\"><a href=\"https:\/\/www.colegiodescubridores.edu.mx\/index.php\/primaria\/\">Primaria<\/a><\/h3><p class=\"elementor-image-box-description\"><b>Exploradores<\/b><\/p><\/div><\/div>\t\t\t\t<\/div>\n\t\t\t\t<\/div>\n\t\t\t\t\t<\/div>\n\t\t<\/div>\n\t\t\t\t<div class=\"elementor-column elementor-col-33 elementor-inner-column elementor-element elementor-element-13d41fd\" data-id=\"13d41fd\" data-element_type=\"column\">\n\t\t\t<div class=\"elementor-widget-wrap elementor-element-populated\">\n\t\t\t\t\t\t<div class=\"elementor-element elementor-element-4d7bfd0 service-img-box elementor-position-top elementor-widget elementor-widget-image-box\" data-id=\"4d7bfd0\" data-element_type=\"widget\" data-widget_type=\"image-box.default\">\n\t\t\t\t<div class=\"elementor-widget-container\">\n\t\t\t\t\t<div class=\"elementor-image-box-wrapper\"><figure class=\"elementor-image-box-img\"><a href=\"https:\/\/www.colegiodescubridores.edu.mx\/index.php\/secundaria\/\" tabindex=\"-1\"><img loading=\"lazy\" decoding=\"async\" width=\"72\" height=\"64\" src=\"https:\/\/www.colegiodescubridores.edu.mx\/wp-content\/uploads\/2020\/12\/secundaria.png\" class=\"attachment-full size-full wp-image-463\" alt=\"\" \/><\/a><\/figure><div class=\"elementor-image-box-content\"><h3 class=\"elementor-image-box-title\"><a href=\"https:\/\/www.colegiodescubridores.edu.mx\/index.php\/secundaria\/\">Secundaria<\/a><\/h3><p class=\"elementor-image-box-description\"><b>Conquistadores<\/b><\/p><\/div><\/div>\t\t\t\t<\/div>\n\t\t\t\t<\/div>\n\t\t\t\t\t<\/div>\n\t\t<\/div>\n\t\t\t\t\t<\/div>\n\t\t<\/section>\n\t\t\t\t\t<\/div>\n\t\t<\/div>\n\t\t\t\t\t<\/div>\n\t\t<\/section>\n\t\t\t\t<\/div>\n\t\t","protected":false},"excerpt":{"rendered":"<p>Modelo Educativo Preescolar\u00a0 \u00a0\u2022\u00a0\u00a0\u00a0Primaria\u00a0 \u00a0\u2022\u00a0 \u00a0Secundaria\u00a0 \u00a0\u2022\u00a0 \u00a0Curriculum Paralelo Con un modelo integrado de aprendizaje desde preescolar hasta secundaria (K-9), los alumnos adquieren las competencias necesarias para proseguir sus estudios lo mismo en instituciones nacionales que extranjeras. Informes Ejes rectores del modelo educativo Pensamiento cr\u00edtico, para que el alumno se cuestione, investigue y aprenda a<br \/><a class=\"moretag\" href=\"https:\/\/www.colegiodescubridores.edu.mx\/index.php\/modelo-educativo\/\">+ Read More<\/a><\/p>\n","protected":false},"author":1,"featured_media":0,"parent":0,"menu_order":0,"comment_status":"closed","ping_status":"closed","template":"templates\/page-fullwidth_template.php","meta":{"_themeisle_gutenberg_block_has_review":false,"footnotes":""},"class_list":["post-757","page","type-page","status-publish","hentry"],"_links":{"self":[{"href":"https:\/\/www.colegiodescubridores.edu.mx\/index.php\/wp-json\/wp\/v2\/pages\/757"}],"collection":[{"href":"https:\/\/www.colegiodescubridores.edu.mx\/index.php\/wp-json\/wp\/v2\/pages"}],"about":[{"href":"https:\/\/www.colegiodescubridores.edu.mx\/index.php\/wp-json\/wp\/v2\/types\/page"}],"author":[{"embeddable":true,"href":"https:\/\/www.colegiodescubridores.edu.mx\/index.php\/wp-json\/wp\/v2\/users\/1"}],"replies":[{"embeddable":true,"href":"https:\/\/www.colegiodescubridores.edu.mx\/index.php\/wp-json\/wp\/v2\/comments?post=757"}],"version-history":[{"count":196,"href":"https:\/\/www.colegiodescubridores.edu.mx\/index.php\/wp-json\/wp\/v2\/pages\/757\/revisions"}],"predecessor-version":[{"id":3384,"href":"https:\/\/www.colegiodescubridores.edu.mx\/index.php\/wp-json\/wp\/v2\/pages\/757\/revisions\/3384"}],"wp:attachment":[{"href":"https:\/\/www.colegiodescubridores.edu.mx\/index.php\/wp-json\/wp\/v2\/media?parent=757"}],"curies":[{"name":"wp","href":"https:\/\/api.w.org\/{rel}","templated":true}]}}