{"id":615,"date":"2020-12-02T15:06:19","date_gmt":"2020-12-02T15:06:19","guid":{"rendered":"http:\/\/wp.colegiodescubridores.edu.mx\/?page_id=615"},"modified":"2025-09-09T22:46:55","modified_gmt":"2025-09-09T22:46:55","slug":"quienes-somos","status":"publish","type":"page","link":"https:\/\/www.colegiodescubridores.edu.mx\/index.php\/quienes-somos\/","title":{"rendered":"\u00bfQuienes Somos?"},"content":{"rendered":"\t\t<div data-elementor-type=\"wp-page\" data-elementor-id=\"615\" class=\"elementor elementor-615\">\n\t\t\t\t\t\t<section class=\"elementor-section elementor-top-section elementor-element elementor-element-1980d4a0 elementor-section-full_width elementor-section-height-default elementor-section-height-default\" data-id=\"1980d4a0\" data-element_type=\"section\" data-settings=\"{&quot;background_background&quot;:&quot;classic&quot;}\">\n\t\t\t\t\t\t<div class=\"elementor-container elementor-column-gap-default\">\n\t\t\t\t\t<div class=\"elementor-column elementor-col-100 elementor-top-column elementor-element elementor-element-7718a456 animated-slow elementor-invisible\" data-id=\"7718a456\" data-element_type=\"column\" data-settings=\"{&quot;animation&quot;:&quot;fadeInUp&quot;}\">\n\t\t\t<div class=\"elementor-widget-wrap elementor-element-populated\">\n\t\t\t\t\t\t<div class=\"elementor-element elementor-element-2b121fd0 elementor-widget elementor-widget-heading\" data-id=\"2b121fd0\" data-element_type=\"widget\" data-widget_type=\"heading.default\">\n\t\t\t\t<div class=\"elementor-widget-container\">\n\t\t\t\t\t<h2 class=\"elementor-heading-title elementor-size-default\">\u00bf Qui\u00e9nes Somos?<\/h2>\t\t\t\t<\/div>\n\t\t\t\t<\/div>\n\t\t\t\t<div class=\"elementor-element elementor-element-4a28cdc8 elementor-widget-divider--view-line elementor-widget elementor-widget-divider\" data-id=\"4a28cdc8\" data-element_type=\"widget\" data-widget_type=\"divider.default\">\n\t\t\t\t<div class=\"elementor-widget-container\">\n\t\t\t\t\t\t\t<div class=\"elementor-divider\">\n\t\t\t<span class=\"elementor-divider-separator\">\n\t\t\t\t\t\t<\/span>\n\t\t<\/div>\n\t\t\t\t\t\t<\/div>\n\t\t\t\t<\/div>\n\t\t\t\t<section class=\"elementor-section elementor-inner-section elementor-element elementor-element-3d4702e6 elementor-section-boxed elementor-section-height-default elementor-section-height-default\" data-id=\"3d4702e6\" data-element_type=\"section\">\n\t\t\t\t\t\t<div class=\"elementor-container elementor-column-gap-default\">\n\t\t\t\t\t<div class=\"elementor-column elementor-col-50 elementor-inner-column elementor-element elementor-element-74a62a2\" data-id=\"74a62a2\" data-element_type=\"column\">\n\t\t\t<div class=\"elementor-widget-wrap elementor-element-populated\">\n\t\t\t\t\t\t<div class=\"elementor-element elementor-element-1c93c34e elementor-widget elementor-widget-heading\" data-id=\"1c93c34e\" data-element_type=\"widget\" data-widget_type=\"heading.default\">\n\t\t\t\t<div class=\"elementor-widget-container\">\n\t\t\t\t\t<h3 class=\"elementor-heading-title elementor-size-default\">Centro Educativo Biling\u00fce<\/h3>\t\t\t\t<\/div>\n\t\t\t\t<\/div>\n\t\t\t\t<div class=\"elementor-element elementor-element-c48a7f5 elementor-widget elementor-widget-image\" data-id=\"c48a7f5\" data-element_type=\"widget\" data-widget_type=\"image.default\">\n\t\t\t\t<div class=\"elementor-widget-container\">\n\t\t\t\t\t\t\t\t\t\t\t\t\t\t\t<img fetchpriority=\"high\" decoding=\"async\" width=\"342\" height=\"232\" src=\"https:\/\/www.colegiodescubridores.edu.mx\/wp-content\/uploads\/2020\/12\/logo-colegiodescubridores-qs.png\" class=\"attachment-large size-large wp-image-2608\" alt=\"\" srcset=\"https:\/\/www.colegiodescubridores.edu.mx\/wp-content\/uploads\/2020\/12\/logo-colegiodescubridores-qs.png 342w, https:\/\/www.colegiodescubridores.edu.mx\/wp-content\/uploads\/2020\/12\/logo-colegiodescubridores-qs-300x204.png 300w\" sizes=\"(max-width: 342px) 100vw, 342px\" \/>\t\t\t\t\t\t\t\t\t\t\t\t\t\t\t<\/div>\n\t\t\t\t<\/div>\n\t\t\t\t<div class=\"elementor-element elementor-element-62e5fa8b elementor-widget elementor-widget-text-editor\" data-id=\"62e5fa8b\" data-element_type=\"widget\" data-widget_type=\"text-editor.default\">\n\t\t\t\t<div class=\"elementor-widget-container\">\n\t\t\t\t\t\t\t\t\t<p class=\"MsoNormal\" style=\"text-align: justify;\"><span lang=\"ES-MX\">Instituci\u00f3n educativa de car\u00e1cter privado, fundada en el a\u00f1o 2007 con el prop\u00f3sito de coadyuvar en el proceso de formaci\u00f3n integral del educando, conforme a un modelo orientado a lograr la autonom\u00eda moral e intelectual de los alumnos.<\/span><\/p>\t\t\t\t\t\t\t\t<\/div>\n\t\t\t\t<\/div>\n\t\t\t\t\t<\/div>\n\t\t<\/div>\n\t\t\t\t<div class=\"elementor-column elementor-col-50 elementor-inner-column elementor-element elementor-element-4fff4ad4\" data-id=\"4fff4ad4\" data-element_type=\"column\">\n\t\t\t<div class=\"elementor-widget-wrap elementor-element-populated\">\n\t\t\t\t\t\t<div class=\"elementor-element elementor-element-4c1ad5ae elementor-position-left elementor-vertical-align-top elementor-widget elementor-widget-image-box\" data-id=\"4c1ad5ae\" data-element_type=\"widget\" data-widget_type=\"image-box.default\">\n\t\t\t\t<div class=\"elementor-widget-container\">\n\t\t\t\t\t<div class=\"elementor-image-box-wrapper\"><figure class=\"elementor-image-box-img\"><a href=\"#\" tabindex=\"-1\"><img decoding=\"async\" width=\"72\" height=\"64\" src=\"https:\/\/www.colegiodescubridores.edu.mx\/wp-content\/uploads\/2020\/12\/mision-1.png\" class=\"attachment-full size-full wp-image-2612\" alt=\"\" \/><\/a><\/figure><div class=\"elementor-image-box-content\"><h3 class=\"elementor-image-box-title\"><a href=\"#\">Misi\u00f3n<\/a><\/h3><p class=\"elementor-image-box-description\">Despertar en el alumno el inter\u00e9s por descubrir el mundo y conocerse a s\u00ed mismo con un sentido responsable y cr\u00edtico que le conduzca a trazar su proyecto de vida. <\/p><\/div><\/div>\t\t\t\t<\/div>\n\t\t\t\t<\/div>\n\t\t\t\t<div class=\"elementor-element elementor-element-1c023e51 elementor-position-left elementor-vertical-align-top elementor-widget elementor-widget-image-box\" data-id=\"1c023e51\" data-element_type=\"widget\" data-widget_type=\"image-box.default\">\n\t\t\t\t<div class=\"elementor-widget-container\">\n\t\t\t\t\t<div class=\"elementor-image-box-wrapper\"><figure class=\"elementor-image-box-img\"><a href=\"#\" tabindex=\"-1\"><img decoding=\"async\" width=\"72\" height=\"64\" src=\"https:\/\/www.colegiodescubridores.edu.mx\/wp-content\/uploads\/2020\/12\/filosofia-3.png\" class=\"attachment-full size-full wp-image-2628\" alt=\"\" \/><\/a><\/figure><div class=\"elementor-image-box-content\"><h3 class=\"elementor-image-box-title\"><a href=\"#\">Filosof\u00eda<\/a><\/h3><p class=\"elementor-image-box-description\">En Descubridores creemos en la capacidad innata de aprender del ser humano y en el deseo de saber que la anima; creemos que mediante la educaci\u00f3n es posible elevar la condici\u00f3n humana y acceder a un mundo con mejores horizontes en donde el respeto, la honestidad y la responsabilidad sean los valores fundamentales que rijan nuestra convivencia.<\/p><\/div><\/div>\t\t\t\t<\/div>\n\t\t\t\t<\/div>\n\t\t\t\t\t<\/div>\n\t\t<\/div>\n\t\t\t\t\t<\/div>\n\t\t<\/section>\n\t\t\t\t\t<\/div>\n\t\t<\/div>\n\t\t\t\t\t<\/div>\n\t\t<\/section>\n\t\t\t\t<section class=\"elementor-section elementor-top-section elementor-element elementor-element-90fbb09 elementor-section-boxed elementor-section-height-default elementor-section-height-default\" data-id=\"90fbb09\" data-element_type=\"section\" data-settings=\"{&quot;background_background&quot;:&quot;classic&quot;}\">\n\t\t\t\t\t\t<div class=\"elementor-container elementor-column-gap-no\">\n\t\t\t\t\t<div class=\"elementor-column elementor-col-50 elementor-top-column elementor-element elementor-element-ffaf72e elementor-invisible\" data-id=\"ffaf72e\" data-element_type=\"column\" data-settings=\"{&quot;animation&quot;:&quot;fadeInLeft&quot;}\">\n\t\t\t<div class=\"elementor-widget-wrap elementor-element-populated\">\n\t\t\t\t\t\t<div class=\"elementor-element elementor-element-572d1a7 elementor-widget elementor-widget-heading\" data-id=\"572d1a7\" data-element_type=\"widget\" data-widget_type=\"heading.default\">\n\t\t\t\t<div class=\"elementor-widget-container\">\n\t\t\t\t\t<h2 class=\"elementor-heading-title elementor-size-default\"><br>Nuestras Instalaciones<\/h2>\t\t\t\t<\/div>\n\t\t\t\t<\/div>\n\t\t\t\t<div class=\"elementor-element elementor-element-eedc6c8 elementor-widget elementor-widget-text-editor\" data-id=\"eedc6c8\" data-element_type=\"widget\" data-widget_type=\"text-editor.default\">\n\t\t\t\t<div class=\"elementor-widget-container\">\n\t\t\t\t\t\t\t\t\t<p><\/p>\n<p>Nuestras instalaciones fueron dise\u00f1adas para brindar un ambiente agradable, c\u00f3modo y seguro que facilite el aprendizaje. Se cuenta con aulas totalmente climatizadas, biblioteca, sala audiovisual, laboratorio de ciencias, talleres de arte y computaci\u00f3n, adem\u00e1s de canchas deportivas techadas y una vialidad interior para protecci\u00f3n de los alumnos durante las horas de entrada y salida.<\/p>\n<p><\/p>\t\t\t\t\t\t\t\t<\/div>\n\t\t\t\t<\/div>\n\t\t\t\t<div class=\"elementor-element elementor-element-4dbfb29 elementor-icon-list--layout-traditional elementor-list-item-link-full_width elementor-widget elementor-widget-icon-list\" data-id=\"4dbfb29\" data-element_type=\"widget\" data-widget_type=\"icon-list.default\">\n\t\t\t\t<div class=\"elementor-widget-container\">\n\t\t\t\t\t\t\t<ul class=\"elementor-icon-list-items\">\n\t\t\t\t\t\t\t<li class=\"elementor-icon-list-item\">\n\t\t\t\t\t\t\t\t\t\t\t<span class=\"elementor-icon-list-icon\">\n\t\t\t\t\t\t\t<i aria-hidden=\"true\" class=\"fas fa-map-marker\"><\/i>\t\t\t\t\t\t<\/span>\n\t\t\t\t\t\t\t\t\t\t<span class=\"elementor-icon-list-text\">Ave. Municipio Libre No. 243<br>Col. Concordia, Nuevo Laredo, Tam.<\/span>\n\t\t\t\t\t\t\t\t\t<\/li>\n\t\t\t\t\t\t\t\t<li class=\"elementor-icon-list-item\">\n\t\t\t\t\t\t\t\t\t\t\t<span class=\"elementor-icon-list-icon\">\n\t\t\t\t\t\t\t<i aria-hidden=\"true\" class=\"fas fa-phone\"><\/i>\t\t\t\t\t\t<\/span>\n\t\t\t\t\t\t\t\t\t\t<span class=\"elementor-icon-list-text\">867 718 6824 \/ 867 718 6243 <\/span>\n\t\t\t\t\t\t\t\t\t<\/li>\n\t\t\t\t\t\t\t\t<li class=\"elementor-icon-list-item\">\n\t\t\t\t\t\t\t\t\t\t\t<a href=\"http:\/\/comunicacion.descubridores@gmail.com\">\n\n\t\t\t\t\t\t\t\t\t\t\t\t<span class=\"elementor-icon-list-icon\">\n\t\t\t\t\t\t\t<i aria-hidden=\"true\" class=\"fas fa-envelope\"><\/i>\t\t\t\t\t\t<\/span>\n\t\t\t\t\t\t\t\t\t\t<span class=\"elementor-icon-list-text\">comunicacion.descubridores@gmail.com<\/span>\n\t\t\t\t\t\t\t\t\t\t\t<\/a>\n\t\t\t\t\t\t\t\t\t<\/li>\n\t\t\t\t\t\t<\/ul>\n\t\t\t\t\t\t<\/div>\n\t\t\t\t<\/div>\n\t\t\t\t\t<\/div>\n\t\t<\/div>\n\t\t\t\t<div class=\"elementor-column elementor-col-50 elementor-top-column elementor-element elementor-element-687bd7a elementor-invisible\" data-id=\"687bd7a\" data-element_type=\"column\" data-settings=\"{&quot;animation&quot;:&quot;fadeInRight&quot;}\">\n\t\t\t<div class=\"elementor-widget-wrap elementor-element-populated\">\n\t\t\t\t\t\t<div class=\"elementor-element elementor-element-80d95ba elementor-arrows-position-outside elementor-pagination-position-outside elementor-widget elementor-widget-image-carousel\" data-id=\"80d95ba\" data-element_type=\"widget\" data-settings=\"{&quot;slides_to_show&quot;:&quot;1&quot;,&quot;pause_on_hover&quot;:&quot;no&quot;,&quot;autoplay_speed&quot;:2000,&quot;navigation&quot;:&quot;both&quot;,&quot;autoplay&quot;:&quot;yes&quot;,&quot;pause_on_interaction&quot;:&quot;yes&quot;,&quot;infinite&quot;:&quot;yes&quot;,&quot;effect&quot;:&quot;slide&quot;,&quot;speed&quot;:500}\" data-widget_type=\"image-carousel.default\">\n\t\t\t\t<div class=\"elementor-widget-container\">\n\t\t\t\t\t\t\t<div class=\"elementor-image-carousel-wrapper swiper\" role=\"region\" aria-roledescription=\"carousel\" aria-label=\"Carrusel de Im\u00e1genes\" dir=\"ltr\">\n\t\t\t<div class=\"elementor-image-carousel swiper-wrapper\" aria-live=\"off\">\n\t\t\t\t\t\t\t\t<div class=\"swiper-slide\" role=\"group\" aria-roledescription=\"slide\" aria-label=\"1 de 11\"><a data-elementor-open-lightbox=\"yes\" data-elementor-lightbox-slideshow=\"80d95ba\" data-elementor-lightbox-title=\"instalaciones-1\" data-e-action-hash=\"#elementor-action%3Aaction%3Dlightbox%26settings%3DeyJpZCI6MTc2MywidXJsIjoiaHR0cHM6XC9cL3d3dy5jb2xlZ2lvZGVzY3Vicmlkb3Jlcy5lZHUubXhcL3dwLWNvbnRlbnRcL3VwbG9hZHNcLzIwMjBcLzEyXC9pbnN0YWxhY2lvbmVzLTEuanBnIiwic2xpZGVzaG93IjoiODBkOTViYSJ9\" href=\"https:\/\/www.colegiodescubridores.edu.mx\/wp-content\/uploads\/2020\/12\/instalaciones-1.jpg\"><figure class=\"swiper-slide-inner\"><img decoding=\"async\" class=\"swiper-slide-image\" src=\"https:\/\/www.colegiodescubridores.edu.mx\/wp-content\/uploads\/2020\/12\/instalaciones-1.jpg\" alt=\"instalaciones-1\" \/><\/figure><\/a><\/div><div class=\"swiper-slide\" role=\"group\" aria-roledescription=\"slide\" aria-label=\"2 de 11\"><a data-elementor-open-lightbox=\"yes\" data-elementor-lightbox-slideshow=\"80d95ba\" data-elementor-lightbox-title=\"instalaciones-2\" data-e-action-hash=\"#elementor-action%3Aaction%3Dlightbox%26settings%3DeyJpZCI6MTc2MiwidXJsIjoiaHR0cHM6XC9cL3d3dy5jb2xlZ2lvZGVzY3Vicmlkb3Jlcy5lZHUubXhcL3dwLWNvbnRlbnRcL3VwbG9hZHNcLzIwMjBcLzEyXC9pbnN0YWxhY2lvbmVzLTIuanBnIiwic2xpZGVzaG93IjoiODBkOTViYSJ9\" href=\"https:\/\/www.colegiodescubridores.edu.mx\/wp-content\/uploads\/2020\/12\/instalaciones-2.jpg\"><figure class=\"swiper-slide-inner\"><img decoding=\"async\" class=\"swiper-slide-image\" src=\"https:\/\/www.colegiodescubridores.edu.mx\/wp-content\/uploads\/2020\/12\/instalaciones-2.jpg\" alt=\"instalaciones-2\" \/><\/figure><\/a><\/div><div class=\"swiper-slide\" role=\"group\" aria-roledescription=\"slide\" aria-label=\"3 de 11\"><a data-elementor-open-lightbox=\"yes\" data-elementor-lightbox-slideshow=\"80d95ba\" data-elementor-lightbox-title=\"instalaciones-13\" data-e-action-hash=\"#elementor-action%3Aaction%3Dlightbox%26settings%3DeyJpZCI6MjkwMCwidXJsIjoiaHR0cHM6XC9cL3d3dy5jb2xlZ2lvZGVzY3Vicmlkb3Jlcy5lZHUubXhcL3dwLWNvbnRlbnRcL3VwbG9hZHNcLzIwMjBcLzEyXC9pbnN0YWxhY2lvbmVzLTEzLmpwZyIsInNsaWRlc2hvdyI6IjgwZDk1YmEifQ%3D%3D\" href=\"https:\/\/www.colegiodescubridores.edu.mx\/wp-content\/uploads\/2020\/12\/instalaciones-13.jpg\"><figure class=\"swiper-slide-inner\"><img decoding=\"async\" class=\"swiper-slide-image\" src=\"https:\/\/www.colegiodescubridores.edu.mx\/wp-content\/uploads\/2020\/12\/instalaciones-13.jpg\" alt=\"instalaciones-13\" \/><\/figure><\/a><\/div><div class=\"swiper-slide\" role=\"group\" aria-roledescription=\"slide\" aria-label=\"4 de 11\"><a data-elementor-open-lightbox=\"yes\" data-elementor-lightbox-slideshow=\"80d95ba\" data-elementor-lightbox-title=\"instalaciones-3\" data-e-action-hash=\"#elementor-action%3Aaction%3Dlightbox%26settings%3DeyJpZCI6MTc2MSwidXJsIjoiaHR0cHM6XC9cL3d3dy5jb2xlZ2lvZGVzY3Vicmlkb3Jlcy5lZHUubXhcL3dwLWNvbnRlbnRcL3VwbG9hZHNcLzIwMjBcLzEyXC9pbnN0YWxhY2lvbmVzLTMuanBnIiwic2xpZGVzaG93IjoiODBkOTViYSJ9\" href=\"https:\/\/www.colegiodescubridores.edu.mx\/wp-content\/uploads\/2020\/12\/instalaciones-3.jpg\"><figure class=\"swiper-slide-inner\"><img decoding=\"async\" class=\"swiper-slide-image\" src=\"https:\/\/www.colegiodescubridores.edu.mx\/wp-content\/uploads\/2020\/12\/instalaciones-3.jpg\" alt=\"instalaciones-3\" \/><\/figure><\/a><\/div><div class=\"swiper-slide\" role=\"group\" aria-roledescription=\"slide\" aria-label=\"5 de 11\"><a data-elementor-open-lightbox=\"yes\" data-elementor-lightbox-slideshow=\"80d95ba\" data-elementor-lightbox-title=\"instalaciones-12\" data-e-action-hash=\"#elementor-action%3Aaction%3Dlightbox%26settings%3DeyJpZCI6MjQ5MywidXJsIjoiaHR0cHM6XC9cL3d3dy5jb2xlZ2lvZGVzY3Vicmlkb3Jlcy5lZHUubXhcL3dwLWNvbnRlbnRcL3VwbG9hZHNcLzIwMjBcLzEyXC9pbnN0YWxhY2lvbmVzLTEyLmpwZyIsInNsaWRlc2hvdyI6IjgwZDk1YmEifQ%3D%3D\" href=\"https:\/\/www.colegiodescubridores.edu.mx\/wp-content\/uploads\/2020\/12\/instalaciones-12.jpg\"><figure class=\"swiper-slide-inner\"><img decoding=\"async\" class=\"swiper-slide-image\" src=\"https:\/\/www.colegiodescubridores.edu.mx\/wp-content\/uploads\/2020\/12\/instalaciones-12.jpg\" alt=\"instalaciones-12\" \/><\/figure><\/a><\/div><div class=\"swiper-slide\" role=\"group\" aria-roledescription=\"slide\" aria-label=\"6 de 11\"><a data-elementor-open-lightbox=\"yes\" data-elementor-lightbox-slideshow=\"80d95ba\" data-elementor-lightbox-title=\"instalaciones-11\" data-e-action-hash=\"#elementor-action%3Aaction%3Dlightbox%26settings%3DeyJpZCI6MjQ5NCwidXJsIjoiaHR0cHM6XC9cL3d3dy5jb2xlZ2lvZGVzY3Vicmlkb3Jlcy5lZHUubXhcL3dwLWNvbnRlbnRcL3VwbG9hZHNcLzIwMjBcLzEyXC9pbnN0YWxhY2lvbmVzLTExLmpwZyIsInNsaWRlc2hvdyI6IjgwZDk1YmEifQ%3D%3D\" href=\"https:\/\/www.colegiodescubridores.edu.mx\/wp-content\/uploads\/2020\/12\/instalaciones-11.jpg\"><figure class=\"swiper-slide-inner\"><img decoding=\"async\" class=\"swiper-slide-image\" src=\"https:\/\/www.colegiodescubridores.edu.mx\/wp-content\/uploads\/2020\/12\/instalaciones-11.jpg\" alt=\"instalaciones-11\" \/><\/figure><\/a><\/div><div class=\"swiper-slide\" role=\"group\" aria-roledescription=\"slide\" aria-label=\"7 de 11\"><a data-elementor-open-lightbox=\"yes\" data-elementor-lightbox-slideshow=\"80d95ba\" data-elementor-lightbox-title=\"instalaciones-10\" data-e-action-hash=\"#elementor-action%3Aaction%3Dlightbox%26settings%3DeyJpZCI6MjQ5NSwidXJsIjoiaHR0cHM6XC9cL3d3dy5jb2xlZ2lvZGVzY3Vicmlkb3Jlcy5lZHUubXhcL3dwLWNvbnRlbnRcL3VwbG9hZHNcLzIwMjBcLzEyXC9pbnN0YWxhY2lvbmVzLTEwLmpwZyIsInNsaWRlc2hvdyI6IjgwZDk1YmEifQ%3D%3D\" href=\"https:\/\/www.colegiodescubridores.edu.mx\/wp-content\/uploads\/2020\/12\/instalaciones-10.jpg\"><figure class=\"swiper-slide-inner\"><img decoding=\"async\" class=\"swiper-slide-image\" src=\"https:\/\/www.colegiodescubridores.edu.mx\/wp-content\/uploads\/2020\/12\/instalaciones-10.jpg\" alt=\"instalaciones-10\" \/><\/figure><\/a><\/div><div class=\"swiper-slide\" role=\"group\" aria-roledescription=\"slide\" aria-label=\"8 de 11\"><a data-elementor-open-lightbox=\"yes\" data-elementor-lightbox-slideshow=\"80d95ba\" data-elementor-lightbox-title=\"instalaciones-9\" data-e-action-hash=\"#elementor-action%3Aaction%3Dlightbox%26settings%3DeyJpZCI6MjQ5NiwidXJsIjoiaHR0cHM6XC9cL3d3dy5jb2xlZ2lvZGVzY3Vicmlkb3Jlcy5lZHUubXhcL3dwLWNvbnRlbnRcL3VwbG9hZHNcLzIwMjBcLzEyXC9pbnN0YWxhY2lvbmVzLTkuanBnIiwic2xpZGVzaG93IjoiODBkOTViYSJ9\" href=\"https:\/\/www.colegiodescubridores.edu.mx\/wp-content\/uploads\/2020\/12\/instalaciones-9.jpg\"><figure class=\"swiper-slide-inner\"><img decoding=\"async\" class=\"swiper-slide-image\" src=\"https:\/\/www.colegiodescubridores.edu.mx\/wp-content\/uploads\/2020\/12\/instalaciones-9.jpg\" alt=\"instalaciones-9\" \/><\/figure><\/a><\/div><div class=\"swiper-slide\" role=\"group\" aria-roledescription=\"slide\" aria-label=\"9 de 11\"><a data-elementor-open-lightbox=\"yes\" data-elementor-lightbox-slideshow=\"80d95ba\" data-elementor-lightbox-title=\"instalaciones-8\" data-e-action-hash=\"#elementor-action%3Aaction%3Dlightbox%26settings%3DeyJpZCI6MjQ5NywidXJsIjoiaHR0cHM6XC9cL3d3dy5jb2xlZ2lvZGVzY3Vicmlkb3Jlcy5lZHUubXhcL3dwLWNvbnRlbnRcL3VwbG9hZHNcLzIwMjBcLzEyXC9pbnN0YWxhY2lvbmVzLTguanBnIiwic2xpZGVzaG93IjoiODBkOTViYSJ9\" href=\"https:\/\/www.colegiodescubridores.edu.mx\/wp-content\/uploads\/2020\/12\/instalaciones-8.jpg\"><figure class=\"swiper-slide-inner\"><img decoding=\"async\" class=\"swiper-slide-image\" src=\"https:\/\/www.colegiodescubridores.edu.mx\/wp-content\/uploads\/2020\/12\/instalaciones-8.jpg\" alt=\"instalaciones-8\" \/><\/figure><\/a><\/div><div class=\"swiper-slide\" role=\"group\" aria-roledescription=\"slide\" aria-label=\"10 de 11\"><a data-elementor-open-lightbox=\"yes\" data-elementor-lightbox-slideshow=\"80d95ba\" data-elementor-lightbox-title=\"instalaciones-7\" data-e-action-hash=\"#elementor-action%3Aaction%3Dlightbox%26settings%3DeyJpZCI6MjQ5OCwidXJsIjoiaHR0cHM6XC9cL3d3dy5jb2xlZ2lvZGVzY3Vicmlkb3Jlcy5lZHUubXhcL3dwLWNvbnRlbnRcL3VwbG9hZHNcLzIwMjBcLzEyXC9pbnN0YWxhY2lvbmVzLTcuanBnIiwic2xpZGVzaG93IjoiODBkOTViYSJ9\" href=\"https:\/\/www.colegiodescubridores.edu.mx\/wp-content\/uploads\/2020\/12\/instalaciones-7.jpg\"><figure class=\"swiper-slide-inner\"><img decoding=\"async\" class=\"swiper-slide-image\" src=\"https:\/\/www.colegiodescubridores.edu.mx\/wp-content\/uploads\/2020\/12\/instalaciones-7.jpg\" alt=\"instalaciones-7\" \/><\/figure><\/a><\/div><div class=\"swiper-slide\" role=\"group\" aria-roledescription=\"slide\" aria-label=\"11 de 11\"><a data-elementor-open-lightbox=\"yes\" data-elementor-lightbox-slideshow=\"80d95ba\" data-elementor-lightbox-title=\"instalaciones-6\" data-e-action-hash=\"#elementor-action%3Aaction%3Dlightbox%26settings%3DeyJpZCI6MjQ5OSwidXJsIjoiaHR0cHM6XC9cL3d3dy5jb2xlZ2lvZGVzY3Vicmlkb3Jlcy5lZHUubXhcL3dwLWNvbnRlbnRcL3VwbG9hZHNcLzIwMjBcLzEyXC9pbnN0YWxhY2lvbmVzLTYuanBnIiwic2xpZGVzaG93IjoiODBkOTViYSJ9\" href=\"https:\/\/www.colegiodescubridores.edu.mx\/wp-content\/uploads\/2020\/12\/instalaciones-6.jpg\"><figure class=\"swiper-slide-inner\"><img decoding=\"async\" class=\"swiper-slide-image\" src=\"https:\/\/www.colegiodescubridores.edu.mx\/wp-content\/uploads\/2020\/12\/instalaciones-6.jpg\" alt=\"instalaciones-6\" \/><\/figure><\/a><\/div>\t\t\t<\/div>\n\t\t\t\t\t\t\t\t\t\t\t\t<div class=\"elementor-swiper-button elementor-swiper-button-prev\" role=\"button\" tabindex=\"0\">\n\t\t\t\t\t\t<i aria-hidden=\"true\" class=\"eicon-chevron-left\"><\/i>\t\t\t\t\t<\/div>\n\t\t\t\t\t<div class=\"elementor-swiper-button elementor-swiper-button-next\" role=\"button\" tabindex=\"0\">\n\t\t\t\t\t\t<i aria-hidden=\"true\" class=\"eicon-chevron-right\"><\/i>\t\t\t\t\t<\/div>\n\t\t\t\t\n\t\t\t\t\t\t\t\t\t<div class=\"swiper-pagination\"><\/div>\n\t\t\t\t\t\t\t\t\t<\/div>\n\t\t\t\t\t\t<\/div>\n\t\t\t\t<\/div>\n\t\t\t\t\t<\/div>\n\t\t<\/div>\n\t\t\t\t\t<\/div>\n\t\t<\/section>\n\t\t\t\t<\/div>\n\t\t","protected":false},"excerpt":{"rendered":"<p>\u00bf Qui\u00e9nes Somos? Centro Educativo Biling\u00fce Instituci\u00f3n educativa de car\u00e1cter privado, fundada en el a\u00f1o 2007 con el prop\u00f3sito de coadyuvar en el proceso de formaci\u00f3n integral del educando, conforme a un modelo orientado a lograr la autonom\u00eda moral e intelectual de los alumnos. Misi\u00f3n Despertar en el alumno el inter\u00e9s por descubrir el mundo<br \/><a class=\"moretag\" href=\"https:\/\/www.colegiodescubridores.edu.mx\/index.php\/quienes-somos\/\">+ Read More<\/a><\/p>\n","protected":false},"author":1,"featured_media":0,"parent":0,"menu_order":0,"comment_status":"closed","ping_status":"closed","template":"templates\/page-builder.php","meta":{"_themeisle_gutenberg_block_has_review":false,"footnotes":""},"class_list":["post-615","page","type-page","status-publish","hentry"],"_links":{"self":[{"href":"https:\/\/www.colegiodescubridores.edu.mx\/index.php\/wp-json\/wp\/v2\/pages\/615"}],"collection":[{"href":"https:\/\/www.colegiodescubridores.edu.mx\/index.php\/wp-json\/wp\/v2\/pages"}],"about":[{"href":"https:\/\/www.colegiodescubridores.edu.mx\/index.php\/wp-json\/wp\/v2\/types\/page"}],"author":[{"embeddable":true,"href":"https:\/\/www.colegiodescubridores.edu.mx\/index.php\/wp-json\/wp\/v2\/users\/1"}],"replies":[{"embeddable":true,"href":"https:\/\/www.colegiodescubridores.edu.mx\/index.php\/wp-json\/wp\/v2\/comments?post=615"}],"version-history":[{"count":235,"href":"https:\/\/www.colegiodescubridores.edu.mx\/index.php\/wp-json\/wp\/v2\/pages\/615\/revisions"}],"predecessor-version":[{"id":3503,"href":"https:\/\/www.colegiodescubridores.edu.mx\/index.php\/wp-json\/wp\/v2\/pages\/615\/revisions\/3503"}],"wp:attachment":[{"href":"https:\/\/www.colegiodescubridores.edu.mx\/index.php\/wp-json\/wp\/v2\/media?parent=615"}],"curies":[{"name":"wp","href":"https:\/\/api.w.org\/{rel}","templated":true}]}}